{"id":66,"date":"2026-03-31T14:04:46","date_gmt":"2026-03-31T14:04:46","guid":{"rendered":"https:\/\/www.mcg.pt\/lites\/about\/"},"modified":"2026-04-14T09:58:05","modified_gmt":"2026-04-14T09:58:05","slug":"project","status":"publish","type":"page","link":"https:\/\/www.mcg.pt\/lites\/project\/","title":{"rendered":"The Project"},"content":{"rendered":"\n<div class=\"section-wrapper\" data-id=\"wsSdU1\"><section class=\"wp-block-gutenverse-section guten-element guten-section guten-wsSdU1 layout-fullwidth align-stretch\"><div class=\"guten-container guten-column-gap-no\">\n<div class=\"wp-block-gutenverse-column guten-element guten-column guten-Mc8ZCI\"><div class=\"guten-column-wrapper\" data-id=\"Mc8ZCI\">\n<div class=\"guten-element guten-wrap-helper no-margin guten-73qo7G block\"><div class=\"guten-inner-wrap\" data-id=\"73qo7G\">\n<h1 class=\"wp-block-gutenverse-heading guten-element guten-uuCXW8\">LiTES<br>&#8211; Lightweight Technology for Structural Components<\/h1>\n<\/div><\/div>\n\n\n<\/div><\/div>\n\n\n\n<div class=\"wp-block-gutenverse-column guten-element guten-column guten-smfgPA\"><div class=\"guten-column-wrapper\" data-id=\"smfgPA\"><div class=\"guten-background-overlay\"><\/div>\n<div class=\"guten-element guten-spacer guten-MLanNR\"><\/div>\n<\/div><\/div>\n<\/div><\/section><\/div>\n\n\n\n<div class=\"section-wrapper\" data-id=\"zDL1Ih\"><section class=\"wp-block-gutenverse-section guten-element guten-section guten-zDL1Ih layout-fullwidth align-stretch\"><div class=\"guten-container guten-column-gap-no\">\n<div class=\"wp-block-gutenverse-column guten-element guten-column guten-n5OlpK\"><div class=\"guten-column-wrapper\" data-id=\"n5OlpK\"><\/div><\/div>\n\n\n\n<div class=\"wp-block-gutenverse-column guten-element guten-column guten-RzPOpE\"><div class=\"guten-column-wrapper\" data-id=\"RzPOpE\">\n<div class=\"guten-element gutenverse-text-editor guten-QfEGDh\"><div class=\"text-content-inner\">\n<p><\/p>\n\n\n\n<p class=\"has-text-align-left\"><strong>Project Name<\/strong><br>LiTES \u2013 Lightweight Technology for Structural Components<\/p>\n\n\n\n<p class=\"has-text-align-left\"><br><strong>Promoting Entities<\/strong><br>MCG \u2013 Manuel da Concei\u00e7\u00e3o Gra\u00e7a, Lda<br>Itecons \u2013 Institute for Research and Technological Development<\/p>\n\n\n\n<p class=\"has-text-align-left\"><br><strong>Region<\/strong><br>Carregado \u2013 Alenquer \u2013 Lisbon<\/p>\n\n\n\n<p class=\"has-text-align-left\"><br><strong>Main Objective<\/strong><br>The LITES project aims to develop and validate prototypes of lightweight integral roofs for the road and rail sectors, raising technological maturity through industrial research, laboratory or simulated experimentation, experimental development and advanced manufacturing processes.<\/p>\n\n\n\n<p class=\"has-text-align-left\"><br><strong>Priorities<\/strong><br>The LITES project comprises industrial research activities aimed at acquiring knowledge and testing concepts in laboratory or simulated environments, as well as applying that knowledge in the effective experimental development of prototypes using new materials and advanced manufacturing processes, testing them in an industrial context in order to obtain technical\u2011scientific validation.<br>The objective is to advance the maturity level of the technologies to be explored and of the innovative lightweight integral roof solution for the road and rail sectors.<br>The project is carried out as a co\u2011promotion between MCG and Itecons.<\/p>\n\n\n\n<p class=\"has-text-align-left\"><br><strong>Total Investment<\/strong><br>\u20ac1,230,403.94<\/p>\n\n\n\n<p class=\"has-text-align-left\"><br><strong>European Union Financial Support<\/strong><br>\u20ac718,642.83<\/p>\n\n\n\n<p class=\"has-text-align-left\"><br><strong>Project Number<\/strong><br>No. 24367<\/p>\n\n\n\n<p class=\"has-text-align-left\"><br><strong>Start Date<\/strong><br>1 December 2025<\/p>\n\n\n\n<p class=\"has-text-align-left\"><br><strong>End Date<\/strong><br>30 November 2028<\/p>\n\n\n\n<p class=\"has-text-align-left\"><br><strong>Total Eligible Cost<\/strong><br>\u20ac1,230,403.94<\/p>\n\n\n\n<p class=\"has-text-align-left\"><br><strong>Non\u2011Refundable Incentive<\/strong><br>\u20ac718,642.83<\/p>\n\n\n\n<p class=\"has-text-align-left\"><br><strong>MCG<\/strong><br>Eligible Cost: \u20ac841,698.75<br>Incentive: \u20ac388,243.42<br>Support Rate: 46.13%<\/p>\n\n\n\n<p class=\"has-text-align-left\"><br><strong>ITECONS<\/strong><br>Eligible Cost: \u20ac388,705.19<br>Incentive: \u20ac330,399.41<br>Support Rate: 85%<\/p>\n<\/div><\/div>\n\n\n<\/div><\/div>\n<\/div><\/section><\/div>\n\n\n\n<p><\/p>\n","protected":false},"excerpt":{"rendered":"","protected":false},"author":1,"featured_media":0,"parent":0,"menu_order":0,"comment_status":"closed","ping_status":"closed","template":"full-width","meta":{"footnotes":""},"class_list":["post-66","page","type-page","status-publish","hentry"],"_links":{"self":[{"href":"https:\/\/www.mcg.pt\/lites\/wp-json\/wp\/v2\/pages\/66","targetHints":{"allow":["GET"]}}],"collection":[{"href":"https:\/\/www.mcg.pt\/lites\/wp-json\/wp\/v2\/pages"}],"about":[{"href":"https:\/\/www.mcg.pt\/lites\/wp-json\/wp\/v2\/types\/page"}],"author":[{"embeddable":true,"href":"https:\/\/www.mcg.pt\/lites\/wp-json\/wp\/v2\/users\/1"}],"replies":[{"embeddable":true,"href":"https:\/\/www.mcg.pt\/lites\/wp-json\/wp\/v2\/comments?post=66"}],"version-history":[{"count":14,"href":"https:\/\/www.mcg.pt\/lites\/wp-json\/wp\/v2\/pages\/66\/revisions"}],"predecessor-version":[{"id":244,"href":"https:\/\/www.mcg.pt\/lites\/wp-json\/wp\/v2\/pages\/66\/revisions\/244"}],"wp:attachment":[{"href":"https:\/\/www.mcg.pt\/lites\/wp-json\/wp\/v2\/media?parent=66"}],"curies":[{"name":"wp","href":"https:\/\/api.w.org\/{rel}","templated":true}]}}