{"id":35,"date":"2018-07-28T07:47:55","date_gmt":"2018-07-28T07:47:55","guid":{"rendered":"http:\/\/demo.casethemes.net\/unfinityplus-seo-\/?page_id=35"},"modified":"2025-10-13T11:16:24","modified_gmt":"2025-10-13T11:16:24","slug":"home","status":"publish","type":"page","link":"https:\/\/www.mcg.pt\/stampit\/en\/","title":{"rendered":"Home"},"content":{"rendered":"<div class=\"wpb-content-wrapper\"><div id=\"section-home\" data-vc-full-width=\"true\" data-vc-full-width-init=\"false\" data-vc-stretch-content=\"true\" class=\"vc_row wpb_row vc_row-fluid vc_custom_1533999122388 vc_row-has-fill vc_row-no-padding bg-image-ps-inherit\"><div class=\"wpb_column vc_column_container vc_col-sm-12\"><div class=\"vc_column-inner vc_custom_1534174957636\"><div class=\"wpb_wrapper\"><div class=\"wpb_revslider_element wpb_content_element style6 bullet-style1\">\n\t\t\t\t<p class=\"rs-p-wp-fix\"><\/p>\n\t\t\t\t<sr7-module data-alias=\"home\" data-id=\"1\" id=\"SR7_1_1\" class=\"rs-ov-hidden\" data-version=\"6.7.34\">\n\t\t\t\t\t<sr7-adjuster><\/sr7-adjuster>\n\t\t\t\t\t<sr7-content>\n\t\t\t\t\t\t<sr7-slide id=\"SR7_1_1-1\" data-key=\"1\">\n\t\t\t\t\t\t\t<sr7-bg id=\"SR7_1_1-1-11\" class=\"sr7-layer\"><noscript><img decoding=\"async\" src=\"https:\/\/www.mcg.pt\/stampit\/wp-content\/uploads\/2025\/05\/main2-1-scaled.jpg\" alt=\"\" title=\"main2 (1)\"><\/noscript><\/sr7-bg>\n\t\t\t\t\t\t\t<sr7-txt id=\"SR7_1_1-1-0\" class=\"sr7-layer\">Sustainable<br \/>\nTecnology<br \/>\nfor the Advanced<br \/>\nManufacturing <br \/>\nof Panels for the<br \/>\nInterior of Trains<\/sr7-txt>\n\t\t\t\t\t\t\t<sr7-txt id=\"SR7_1_1-1-10\" class=\"sr7-layer\">STAMP-IT<\/sr7-txt>\n\t\t\t\t\t\t<\/sr7-slide>\n\t\t\t\t\t\t<sr7-slide id=\"SR7_1_1-3\" data-key=\"3\">\n\t\t\t\t\t\t<\/sr7-slide>\n\t\t\t\t\t<\/sr7-content>\n\t\t\t\t\t<image_lists style=\"display:none\">\n\t\t\t\t\t\t<img data-src=\"\/\/www.mcg.pt\/stampit\/wp-content\/uploads\/2025\/05\/main2-1-scaled.jpg\" data-libid=\"1045\" data-lib=\"medialibrary\" title=\"main2 (1)\" width=\"0\" height=\"0\" data-dbsrc=\"Ly93d3cubWNnLnB0L3N0YW1waXQvd3AtY29udGVudC91cGxvYWRzLzIwMjUvMDUvbWFpbjItMS1zY2FsZWQuanBn\"\/>\n\t\t\t\t\t<\/image_lists>\n\t\t\t\t<\/sr7-module>\n\t\t\t\t<script>\n\t\t\t\t\tSR7.PMH ??={}; SR7.PMH[\"SR7_1_1\"] = {cn:100,state:false,fn: function() { if (_tpt!==undefined && _tpt.prepareModuleHeight !== undefined) {  _tpt.prepareModuleHeight({id:\"SR7_1_1\",el:[710,710,710,710,720],type:'standard',shdw:'0',gh:[710,710,710,710,720],gw:[1200,1200,1200,1200,480],vpt:['-100px&#039;,&#039;-100px&#039;,&#039;-100px&#039;,&#039;-100px&#039;,&#039;-100px'],size:{fullWidth:true, fullHeight:false},mh:'0',onh:0,onw:0,bg:{color:'{\"orig\":\"transparent\",\"type\":\"solid\",\"string\":\"transparent\"}'}});   SR7.PMH[\"SR7_1_1\"].state=true;} else if(SR7.PMH[\"SR7_1_1\"].cn-->0)\tsetTimeout( SR7.PMH[\"SR7_1_1\"].fn,19);}};SR7.PMH[\"SR7_1_1\" ].fn();\n\t\t\t\t<\/script>\n<\/div><\/div><\/div><\/div><\/div><div class=\"vc_row-full-width vc_clearfix\"><\/div><div id=\"about\" data-vc-full-width=\"true\" data-vc-full-width-init=\"false\" class=\"vc_row wpb_row vc_row-fluid vc_custom_1534211154428 bg-image-ps-inherit\"><div class=\"wpb_column vc_column_container vc_col-sm-6\"><div class=\"vc_column-inner vc_custom_1534211094343\"><div class=\"wpb_wrapper\"><div id=\"ct-heading\" class=\"ct-heading align-left align-left-md align-left-sm align-left-xs \">\n            <style type=\"text\/css\">\n            @media (min-width: 991px) and (max-width: 1200px) {\n                #ct-heading .ct-heading-tag {\n                                                                line-height: 40px !important;\n                                    }\n            }\n        <\/style>\n    \n            <style type=\"text\/css\">\n            @media (min-width: 768px) and (max-width: 991px) {\n                #ct-heading .ct-heading-tag {\n                                                                line-height: 40px !important;\n                                    }\n            }\n        <\/style>\n    \n            <style type=\"text\/css\">\n            @media screen and (max-width: 767px) {\n                #ct-heading .ct-heading-tag {\n                                                                line-height: 40px !important;\n                                    }\n            }\n        <\/style>\n        \n        \n    <h3 class=\"ct-heading-tag \" style=\"margin-bottom:24px;color:#3d4149;line-height:40px;text-transform:inherit;font-weight:600; \">\n                                    Solu\u00e7\u00f5es inovadoras na produ\u00e7\u00e3o de pain\u00e9is de alum\u00ednio                                    <\/h3>\n\n    \n            <div class=\"ct-heading-desc\" >\n            Em parceria com o Instituto Superior T\u00e9cnico, o projeto STAMP-IT \u00e9 uma resposta inovadora da MCG \u00e0s exig\u00eancias do setor ferrovi\u00e1rio, procurando o desenvolvimento de pain\u00e9is laterais em alum\u00ednio mais leves, resistentes e sustent\u00e1veis.        <\/div>\n    <\/div><div class=\"vc_empty_space\"   style=\"height: 26px\"><span class=\"vc_empty_space_inner\"><\/span><\/div>    <div class=\"cms-lists-layout1 \">\n        <div class=\"cms-list-inner\">\n            <div class=\"cms-list-content\">\n                <ul style=\"line-height:26px;color:#6a7382;\">\n                                            <li>\n                                                            <i class=\"fa fa-check\" style=\"color:#4cb208;font-size:18px;\"><\/i>\n                                                    Pain\u00e9is interiores em alum\u00ednio para ve\u00edculos ferrovi\u00e1rios ligeiros e convencionais<\/li>\n                                            <li>\n                                                            <i class=\"fa fa-check\" style=\"color:#4cb208;font-size:18px;\"><\/i>\n                                                    Fabrico aditivo por arco el\u00e9trico de ferramentas<\/li>\n                                            <li>\n                                                            <i class=\"fa fa-check\" style=\"color:#4cb208;font-size:18px;\"><\/i>\n                                                    Estampagem de chapas de alum\u00ednio a morno<\/li>\n                                            <li>\n                                                            <i class=\"fa fa-check\" style=\"color:#4cb208;font-size:18px;\"><\/i>\n                                                    Fabrico do painel numa \u00fanica pe\u00e7a<\/li>\n                                    <\/ul>\n            <\/div>\n        <\/div>\n    <\/div>\n<\/div><\/div><\/div><div class=\"wpb_animate_when_almost_visible wpb_fadeInRight fadeInRight wpb_column vc_column_container vc_col-sm-6\"><div class=\"vc_column-inner vc_custom_1534211142611\"><div class=\"wpb_wrapper\">\n\t<div  class=\"wpb_single_image wpb_content_element vc_align_center wpb_content_element inherit inherit\">\n\t\t\n\t\t<figure class=\"wpb_wrapper vc_figure\">\n\t\t\t<div class=\"vc_single_image-wrapper default  vc_box_border_grey\"><img loading=\"lazy\" decoding=\"async\" width=\"600\" height=\"360\" src=\"https:\/\/www.mcg.pt\/stampit\/wp-content\/uploads\/2025\/05\/arco-copiar-2.jpg\" class=\"vc_single_image-img attachment-full\" alt=\"\" title=\"arco copiar\" \/><\/div>\n\t\t<\/figure>\n\t<\/div>\n<\/div><\/div><\/div><\/div><div class=\"vc_row-full-width vc_clearfix\"><\/div><div id=\"blog\" data-vc-full-width=\"true\" data-vc-full-width-init=\"false\" class=\"vc_row wpb_row vc_row-fluid vc_custom_1534260909930 vc_row-has-fill bg-image-ps-inherit\"><div class=\"wpb_column vc_column_container vc_col-sm-12\"><div class=\"vc_column-inner vc_custom_1534261057187\"><div class=\"wpb_wrapper\"><div class=\"vc_row wpb_row vc_inner vc_row-fluid vc_custom_1533029482776\"><div class=\"wpb_column vc_column_container vc_col-sm-12\"><div class=\"vc_column-inner\"><div class=\"wpb_wrapper\"><div id=\"ct-heading-2\" class=\"ct-heading align-center align-center-md align-center-sm align-center-xs \">\n            <style type=\"text\/css\">\n            @media (min-width: 991px) and (max-width: 1200px) {\n                #ct-heading-2 .ct-heading-tag {\n                                            font-size: 36px !important;\n                                                        }\n            }\n        <\/style>\n    \n            <style type=\"text\/css\">\n            @media (min-width: 768px) and (max-width: 991px) {\n                #ct-heading-2 .ct-heading-tag {\n                                            font-size: 36px !important;\n                                                        }\n            }\n        <\/style>\n    \n            <style type=\"text\/css\">\n            @media screen and (max-width: 767px) {\n                #ct-heading-2 .ct-heading-tag {\n                                            font-size: 36px !important;\n                                                        }\n            }\n        <\/style>\n        \n        \n    <h3 class=\"ct-heading-tag \" style=\"margin-bottom:8px;color:#3d4149;font-size:36px; \">\n                                    Avan\u00e7os e Informa\u00e7\u00f5es T\u00e9cnicas                                    <\/h3>\n\n    \n    <\/div><\/div><\/div><\/div><\/div>\n<div id=\"ct_grid_blog\" class=\"ct-grid ct-grid-blog-layout4 \">\n\n    \n    <div class=\"ct-grid-inner ct-grid-masonry row animation-time\" data-gutter=\"15\">\n                    <div class=\"grid-sizer col-xl-4 col-lg-4 col-md-6 col-sm-12 col-12\"><\/div>\n                                    <div class=\"grid-item col-xl-4 col-lg-4 col-md-6 col-sm-12 col-12 \">\n                        <div class=\"grid-item-inner ct-fade-in\">\n                                                            <div class=\"item-featured\">\n                                     <a class=\"has-thumnail\" href=\"https:\/\/www.mcg.pt\/stampit\/en\/o-projeto-stamp-it\/\">\n                                        <img decoding=\"async\" class=\"\" src=\"https:\/\/www.mcg.pt\/stampit\/wp-content\/uploads\/2025\/01\/art-1-680x50.jpg\" width=\"680\" height=\"50\" alt=\"art\" title=\"art\" loading=\"lazy\" \/>                                     <\/a>\n                                <\/div>\n                                                        <div class=\"item-body\">\n                                <h3 class=\"item-title\" style=\"\">\n                                    <a href=\"https:\/\/www.mcg.pt\/stampit\/en\/o-projeto-stamp-it\/\">Em que consiste o projeto STAMP-IT?<\/a>\n                                <\/h3>\n                                <div class=\"item-content\">\n                                    Principais objetivos: estudar, desenvolver e validar uma solu\u00e7\u00e3o inovadora para pain\u00e9is laterais em alum\u00ednio para interiores ferrovi\u00e1rios.                                <\/div>\n                                <div class=\"item-footer\">\n                                    <a class=\"item-more\" href=\"https:\/\/www.mcg.pt\/stampit\/en\/o-projeto-stamp-it\/\">Read More<\/a>\n                                    <span class=\"item-time\">1 year ago<\/span>\n                                <\/div>\n                            <\/div>\n                        <\/div>\n                    <\/div>\n                                    <div class=\"grid-item col-xl-4 col-lg-4 col-md-6 col-sm-12 col-12 \">\n                        <div class=\"grid-item-inner ct-fade-in\">\n                                                            <div class=\"item-featured\">\n                                     <a class=\"has-thumnail\" href=\"https:\/\/www.mcg.pt\/stampit\/en\/paineis-interiores-em-aluminio-porque\/\">\n                                        <img decoding=\"async\" class=\"\" src=\"https:\/\/www.mcg.pt\/stampit\/wp-content\/uploads\/2025\/01\/art-1-680x50.jpg\" width=\"680\" height=\"50\" alt=\"art\" title=\"art\" loading=\"lazy\" \/>                                     <\/a>\n                                <\/div>\n                                                        <div class=\"item-body\">\n                                <h3 class=\"item-title\" style=\"\">\n                                    <a href=\"https:\/\/www.mcg.pt\/stampit\/en\/paineis-interiores-em-aluminio-porque\/\">Pain\u00e9is interiores em alum\u00ednio. Porqu\u00ea?<\/a>\n                                <\/h3>\n                                <div class=\"item-content\">\n                                    Inovar no fabrico de pain\u00e9is interiores para ve\u00edculos ferrovi\u00e1rios, para que sejam mais leves, mais baratos e produzidos de forma mais sustent\u00e1vel.                                <\/div>\n                                <div class=\"item-footer\">\n                                    <a class=\"item-more\" href=\"https:\/\/www.mcg.pt\/stampit\/en\/paineis-interiores-em-aluminio-porque\/\">Read More<\/a>\n                                    <span class=\"item-time\">1 year ago<\/span>\n                                <\/div>\n                            <\/div>\n                        <\/div>\n                    <\/div>\n                                    <div class=\"grid-item col-xl-4 col-lg-4 col-md-6 col-sm-12 col-12 \">\n                        <div class=\"grid-item-inner ct-fade-in\">\n                                                            <div class=\"item-featured\">\n                                     <a class=\"has-thumnail\" href=\"https:\/\/www.mcg.pt\/stampit\/en\/por-um-fabrico-mais-eficiente-e-sustentavel\/\">\n                                        <img decoding=\"async\" class=\"\" src=\"https:\/\/www.mcg.pt\/stampit\/wp-content\/uploads\/2025\/01\/art-1-680x50.jpg\" width=\"680\" height=\"50\" alt=\"art\" title=\"art\" loading=\"lazy\" \/>                                     <\/a>\n                                <\/div>\n                                                        <div class=\"item-body\">\n                                <h3 class=\"item-title\" style=\"\">\n                                    <a href=\"https:\/\/www.mcg.pt\/stampit\/en\/por-um-fabrico-mais-eficiente-e-sustentavel\/\">Por um fabrico mais eficiente e sustent\u00e1vel<\/a>\n                                <\/h3>\n                                <div class=\"item-content\">\n                                    Recorrendo a processos mais eficientes e acess\u00edveis, o projeto STAMP-IT pode simplificar e revolucionar a produ\u00e7\u00e3o deste tipo de materiais.                                <\/div>\n                                <div class=\"item-footer\">\n                                    <a class=\"item-more\" href=\"https:\/\/www.mcg.pt\/stampit\/en\/por-um-fabrico-mais-eficiente-e-sustentavel\/\">Read More<\/a>\n                                    <span class=\"item-time\">1 year ago<\/span>\n                                <\/div>\n                            <\/div>\n                        <\/div>\n                    <\/div>\n                    <\/div>\n            <div class=\"ct-grid-pagination\">\n                    <\/div>\n        <\/div><\/div><\/div><\/div><\/div><div class=\"vc_row-full-width vc_clearfix\"><\/div><div class=\"vc_row wpb_row vc_row-fluid bg-image-ps-inherit\"><div class=\"wpb_column vc_column_container vc_col-sm-12\"><div class=\"vc_column-inner\"><div class=\"wpb_wrapper\"><div class=\"vc_separator wpb_content_element vc_separator_align_center vc_sep_width_100 vc_sep_border_width_10 vc_sep_pos_align_center vc_separator_no_text vc_sep_color_white wpb_content_element  wpb_content_element\" ><span class=\"vc_sep_holder vc_sep_holder_l\"><span class=\"vc_sep_line\"><\/span><\/span><span class=\"vc_sep_holder vc_sep_holder_r\"><span class=\"vc_sep_line\"><\/span><\/span>\n<\/div><div class=\"vc_row wpb_row vc_inner vc_row-fluid vc_custom_1533029482776\"><div class=\"wpb_column vc_column_container vc_col-sm-12\"><div class=\"vc_column-inner\"><div class=\"wpb_wrapper\"><div id=\"ct-heading-3\" class=\"ct-heading align-center align-center-md align-center-sm align-center-xs \">\n            <style type=\"text\/css\">\n            @media (min-width: 991px) and (max-width: 1200px) {\n                #ct-heading-3 .ct-heading-tag {\n                                            font-size: 36px !important;\n                                                        }\n            }\n        <\/style>\n    \n            <style type=\"text\/css\">\n            @media (min-width: 768px) and (max-width: 991px) {\n                #ct-heading-3 .ct-heading-tag {\n                                            font-size: 36px !important;\n                                                        }\n            }\n        <\/style>\n    \n            <style type=\"text\/css\">\n            @media screen and (max-width: 767px) {\n                #ct-heading-3 .ct-heading-tag {\n                                            font-size: 36px !important;\n                                                        }\n            }\n        <\/style>\n        \n        \n    <h3 class=\"ct-heading-tag \" style=\"margin-bottom:8px;color:#3d4149;font-size:36px; \">\n                                    Projeto dinamizado por                                    <\/h3>\n\n    \n    <\/div><\/div><\/div><\/div><\/div><div class=\"vc_separator wpb_content_element vc_separator_align_center vc_sep_width_100 vc_sep_border_width_10 vc_sep_pos_align_center vc_separator_no_text vc_sep_color_white wpb_content_element  wpb_content_element\" ><span class=\"vc_sep_holder vc_sep_holder_l\"><span class=\"vc_sep_line\"><\/span><\/span><span class=\"vc_sep_holder vc_sep_holder_r\"><span class=\"vc_sep_line\"><\/span><\/span>\n<\/div><\/div><\/div><\/div><\/div><div class=\"vc_row wpb_row vc_row-fluid bg-image-ps-inherit\"><div class=\"wpb_column vc_column_container vc_col-sm-6\"><div class=\"vc_column-inner\"><div class=\"wpb_wrapper\">\n\t<div class=\"wpb_text_column wpb_content_element\" >\n\t\t<div class=\"wpb_wrapper\">\n\t\t\t<p><a href=\"https:\/\/www.mcg.pt\/\" target=\"_blank\" rel=\"noopener\"><strong><img loading=\"lazy\" decoding=\"async\" class=\"size-full wp-image-1090 aligncenter\" src=\"https:\/\/www.mcg.pt\/stampit\/wp-content\/uploads\/2025\/05\/MCG.png\" alt=\"\" width=\"261\" height=\"50\" \/><\/strong><\/a><\/p>\n\n\t\t<\/div>\n\t<\/div>\n<\/div><\/div><\/div><div class=\"wpb_column vc_column_container vc_col-sm-6\"><div class=\"vc_column-inner\"><div class=\"wpb_wrapper\">\n\t<div class=\"wpb_text_column wpb_content_element\" >\n\t\t<div class=\"wpb_wrapper\">\n\t\t\t<p style=\"text-align: center;\"><a href=\"https:\/\/tecnico.ulisboa.pt\/en\/\" target=\"_blank\" rel=\"noopener\"><img loading=\"lazy\" decoding=\"async\" class=\"size-full wp-image-1091 aligncenter\" src=\"https:\/\/www.mcg.pt\/stampit\/wp-content\/uploads\/2025\/05\/IST.png\" alt=\"\" width=\"129\" height=\"50\" \/><\/a><\/p>\n\n\t\t<\/div>\n\t<\/div>\n<\/div><\/div><\/div><\/div><div class=\"vc_row wpb_row vc_row-fluid bg-image-ps-inherit\"><div class=\"wpb_column vc_column_container vc_col-sm-12\"><div class=\"vc_column-inner\"><div class=\"wpb_wrapper\"><div class=\"vc_separator wpb_content_element vc_separator_align_center vc_sep_width_100 vc_sep_border_width_10 vc_sep_pos_align_center vc_separator_no_text vc_sep_color_white wpb_content_element  wpb_content_element\" ><span class=\"vc_sep_holder vc_sep_holder_l\"><span class=\"vc_sep_line\"><\/span><\/span><span class=\"vc_sep_holder vc_sep_holder_r\"><span class=\"vc_sep_line\"><\/span><\/span>\n<\/div><div class=\"vc_separator wpb_content_element vc_separator_align_center vc_sep_width_100 vc_sep_border_width_10 vc_sep_pos_align_center vc_separator_no_text vc_sep_color_white wpb_content_element  wpb_content_element\" ><span class=\"vc_sep_holder vc_sep_holder_l\"><span class=\"vc_sep_line\"><\/span><\/span><span class=\"vc_sep_holder vc_sep_holder_r\"><span class=\"vc_sep_line\"><\/span><\/span>\n<\/div><\/div><\/div><\/div><\/div><div data-vc-full-width=\"true\" data-vc-full-width-init=\"false\" class=\"vc_row wpb_row vc_row-fluid vc_custom_1534260909930 vc_row-has-fill bg-image-ps-inherit\"><div class=\"wpb_column vc_column_container vc_col-sm-12\"><div class=\"vc_column-inner vc_custom_1534261057187\"><div class=\"wpb_wrapper\"><div class=\"vc_row wpb_row vc_inner vc_row-fluid vc_custom_1533029482776\"><div class=\"wpb_column vc_column_container vc_col-sm-12\"><div class=\"vc_column-inner\"><div class=\"wpb_wrapper\"><div id=\"ct-heading-4\" class=\"ct-heading align-center align-center-md align-center-sm align-center-xs \">\n            <style type=\"text\/css\">\n            @media (min-width: 991px) and (max-width: 1200px) {\n                #ct-heading-4 .ct-heading-tag {\n                                            font-size: 36px !important;\n                                                        }\n            }\n        <\/style>\n    \n            <style type=\"text\/css\">\n            @media (min-width: 768px) and (max-width: 991px) {\n                #ct-heading-4 .ct-heading-tag {\n                                            font-size: 36px !important;\n                                                        }\n            }\n        <\/style>\n    \n            <style type=\"text\/css\">\n            @media screen and (max-width: 767px) {\n                #ct-heading-4 .ct-heading-tag {\n                                            font-size: 36px !important;\n                                                        }\n            }\n        <\/style>\n        \n        \n    <h3 class=\"ct-heading-tag \" style=\"margin-bottom:8px;color:#3d4149;font-size:36px; \">\n                                    Com o apoio                                    <\/h3>\n\n    \n    <\/div><\/div><\/div><\/div><\/div>\n\t<div  class=\"wpb_single_image wpb_content_element vc_align_center wpb_content_element inherit inherit\">\n\t\t\n\t\t<figure class=\"wpb_wrapper vc_figure\">\n\t\t\t<a href=\"https:\/\/www.mcg.pt\/stampit\/wp-content\/uploads\/2025\/07\/Ficha_Operacao_COMPETE-2030_StampIt.pdf\" target=\"_blank\" class=\"vc_single_image-wrapper default  vc_box_border_grey\"><img loading=\"lazy\" decoding=\"async\" width=\"1000\" height=\"103\" src=\"https:\/\/www.mcg.pt\/stampit\/wp-content\/uploads\/2025\/05\/barra_apoios_pq-copiar-2.png\" class=\"vc_single_image-img attachment-full\" alt=\"\" title=\"barra_apoios_pq copiar 2\" srcset=\"https:\/\/www.mcg.pt\/stampit\/wp-content\/uploads\/2025\/05\/barra_apoios_pq-copiar-2.png 1000w, https:\/\/www.mcg.pt\/stampit\/wp-content\/uploads\/2025\/05\/barra_apoios_pq-copiar-2-768x79.png 768w\" sizes=\"auto, (max-width: 1000px) 100vw, 1000px\" \/><\/a>\n\t\t<\/figure>\n\t<\/div>\n\n\t<div class=\"wpb_text_column wpb_content_element\" >\n\t\t<div class=\"wpb_wrapper\">\n\t\t\t<p style=\"text-align: center;\"><a href=\"https:\/\/www.mcg.pt\/stampit\/wp-content\/uploads\/2025\/10\/Ficha_de_OperacaoA4_COMPETE-2030_STAMP-IT.pdf\" target=\"_blank\" rel=\"noopener\">Ver Ficha de Opera\u00e7\u00e3o do projeto STAMP-IT<\/a><\/p>\n\n\t\t<\/div>\n\t<\/div>\n<\/div><\/div><\/div><\/div><div class=\"vc_row-full-width vc_clearfix\"><\/div>\n<\/div>","protected":false},"excerpt":{"rendered":"POR UM FABRICO MAIS EFICIENTE E SUSTENT\u00c1VEL Como o projeto STAMP-IT pode simplificar e revolucionar o processo produtivo deste tipo de materiais. Estampagem de chapas de alum\u00ednio a morno A estampagem a morno permite aumentar os limites de conformabilidade das chapas de alum\u00ednio em rela\u00e7\u00e3o \u00e0 estampagem a frio convencional, podendo chegar a uma melhoria [...]","protected":false},"author":1,"featured_media":0,"parent":0,"menu_order":0,"comment_status":"closed","ping_status":"closed","template":"","meta":{"footnotes":""},"class_list":["post-35","page","type-page","status-publish","hentry"],"_links":{"self":[{"href":"https:\/\/www.mcg.pt\/stampit\/en\/wp-json\/wp\/v2\/pages\/35","targetHints":{"allow":["GET"]}}],"collection":[{"href":"https:\/\/www.mcg.pt\/stampit\/en\/wp-json\/wp\/v2\/pages"}],"about":[{"href":"https:\/\/www.mcg.pt\/stampit\/en\/wp-json\/wp\/v2\/types\/page"}],"author":[{"embeddable":true,"href":"https:\/\/www.mcg.pt\/stampit\/en\/wp-json\/wp\/v2\/users\/1"}],"replies":[{"embeddable":true,"href":"https:\/\/www.mcg.pt\/stampit\/en\/wp-json\/wp\/v2\/comments?post=35"}],"version-history":[{"count":50,"href":"https:\/\/www.mcg.pt\/stampit\/en\/wp-json\/wp\/v2\/pages\/35\/revisions"}],"predecessor-version":[{"id":1150,"href":"https:\/\/www.mcg.pt\/stampit\/en\/wp-json\/wp\/v2\/pages\/35\/revisions\/1150"}],"wp:attachment":[{"href":"https:\/\/www.mcg.pt\/stampit\/en\/wp-json\/wp\/v2\/media?parent=35"}],"curies":[{"name":"wp","href":"https:\/\/api.w.org\/{rel}","templated":true}]}}