{"id":2730,"date":"2024-10-03T08:41:17","date_gmt":"2024-10-03T08:41:17","guid":{"rendered":"https:\/\/www.mcg.pt\/trabalharnamcg\/?page_id=2730"},"modified":"2024-10-03T08:42:13","modified_gmt":"2024-10-03T08:42:13","slug":"3-caracterizacao-parametrizacao-e-otimizacao-do-processo-de-estampagem-a-morno-de-aluminio","status":"publish","type":"page","link":"https:\/\/www.mcg.pt\/trabalharnamcg\/3-caracterizacao-parametrizacao-e-otimizacao-do-processo-de-estampagem-a-morno-de-aluminio\/","title":{"rendered":"3. Caracteriza\u00e7\u00e3o, Parametriza\u00e7\u00e3o e Otimiza\u00e7\u00e3o do Processo de Estampagem a Morno de Alum\u00ednio"},"content":{"rendered":"\t\t<div data-elementor-type=\"wp-page\" data-elementor-id=\"2730\" class=\"elementor elementor-2730\" data-elementor-post-type=\"page\">\n\t\t\t\t\t\t<section class=\"elementor-section elementor-top-section elementor-element elementor-element-64b4b931 elementor-section-boxed elementor-section-height-default elementor-section-height-default\" data-id=\"64b4b931\" data-element_type=\"section\" data-e-type=\"section\">\n\t\t\t\t\t\t<div class=\"elementor-container elementor-column-gap-default\">\n\t\t\t\t\t<div class=\"elementor-column elementor-col-50 elementor-top-column elementor-element elementor-element-5271b1d4 elementor-invisible\" data-id=\"5271b1d4\" data-element_type=\"column\" data-e-type=\"column\" data-settings=\"{&quot;background_background&quot;:&quot;classic&quot;,&quot;animation&quot;:&quot;fadeIn&quot;,&quot;animation_delay&quot;:200}\">\n\t\t\t<div class=\"elementor-widget-wrap elementor-element-populated\">\n\t\t\t\t\t\t<section class=\"elementor-section elementor-inner-section elementor-element elementor-element-31c139a7 elementor-section-boxed elementor-section-height-default elementor-section-height-default\" data-id=\"31c139a7\" data-element_type=\"section\" data-e-type=\"section\">\n\t\t\t\t\t\t<div class=\"elementor-container elementor-column-gap-default\">\n\t\t\t\t\t<div class=\"elementor-column elementor-col-50 elementor-inner-column elementor-element elementor-element-5dab6773\" data-id=\"5dab6773\" data-element_type=\"column\" data-e-type=\"column\">\n\t\t\t<div class=\"elementor-widget-wrap elementor-element-populated\">\n\t\t\t\t\t\t<div class=\"elementor-element elementor-element-2329e6c4 elementor-widget elementor-widget-heading\" data-id=\"2329e6c4\" data-element_type=\"widget\" data-e-type=\"widget\" data-widget_type=\"heading.default\">\n\t\t\t\t<div class=\"elementor-widget-container\">\n\t\t\t\t\t<h3 class=\"elementor-heading-title elementor-size-default\">3. Caracteriza\u00e7\u00e3o, Parametriza\u00e7\u00e3o e Otimiza\u00e7\u00e3o do Processo de Estampagem a Morno de Alum\u00ednio<\/h3>\t\t\t\t<\/div>\n\t\t\t\t<\/div>\n\t\t\t\t\t<\/div>\n\t\t<\/div>\n\t\t\t\t<div class=\"elementor-column elementor-col-50 elementor-inner-column elementor-element elementor-element-7e76f2f9\" data-id=\"7e76f2f9\" data-element_type=\"column\" data-e-type=\"column\">\n\t\t\t<div class=\"elementor-widget-wrap elementor-element-populated\">\n\t\t\t\t\t\t<div class=\"elementor-element elementor-element-4b0fcefa elementor-align-right elementor-mobile-align-justify elementor-widget elementor-widget-button\" data-id=\"4b0fcefa\" data-element_type=\"widget\" data-e-type=\"widget\" data-widget_type=\"button.default\">\n\t\t\t\t<div class=\"elementor-widget-container\">\n\t\t\t\t\t\t\t\t\t<div class=\"elementor-button-wrapper\">\n\t\t\t\t\t<a class=\"elementor-button elementor-button-link elementor-size-sm\" href=\"https:\/\/form.jotform.com\/232712083724351\" target=\"_blank\">\n\t\t\t\t\t\t<span class=\"elementor-button-content-wrapper\">\n\t\t\t\t\t\t<span class=\"elementor-button-icon\">\n\t\t\t\t<i aria-hidden=\"true\" class=\"fab fa-telegram-plane\"><\/i>\t\t\t<\/span>\n\t\t\t\t\t\t\t\t\t<span class=\"elementor-button-text\">candidatar<\/span>\n\t\t\t\t\t<\/span>\n\t\t\t\t\t<\/a>\n\t\t\t\t<\/div>\n\t\t\t\t\t\t\t\t<\/div>\n\t\t\t\t<\/div>\n\t\t\t\t\t<\/div>\n\t\t<\/div>\n\t\t\t\t\t<\/div>\n\t\t<\/section>\n\t\t\t\t<div class=\"elementor-element elementor-element-219080dd elementor-widget elementor-widget-text-editor\" data-id=\"219080dd\" data-element_type=\"widget\" data-e-type=\"widget\" data-widget_type=\"text-editor.default\">\n\t\t\t\t<div class=\"elementor-widget-container\">\n\t\t\t\t\t\t\t\t\t<p>Este projeto prop\u00f5e o desenvolvimento e implementa\u00e7\u00e3o do processo de estampagem a morno de alum\u00ednio na MCG, com um foco especial na caracteriza\u00e7\u00e3o do material e do processo.<\/p><p>Neste projeto, ter\u00e3o a oportunidade de explorar a fundo a natureza dos materiais, realizando uma caracteriza\u00e7\u00e3o detalhada do alum\u00ednio utilizado.<\/p><p>Al\u00e9m disso, ser\u00e1 necess\u00e1rio desenvolver m\u00e9todos eficazes para medir, preparar e manter a temperatura da mat\u00e9ria-prima e\/ou da ferramenta, garantindo a otimiza\u00e7\u00e3o do processo.<\/p><p>Este projeto n\u00e3o s\u00f3 permitir\u00e1 a aplica\u00e7\u00e3o pr\u00e1tica de conhecimentos de engenharia de materiais e processos de fabrico, mas tamb\u00e9m proporcionar\u00e1 uma experi\u00eancia valiosa na parametriza\u00e7\u00e3o e otimiza\u00e7\u00e3o de processos industriais.<\/p><p>A crescente import\u00e2ncia da estampagem a morno na produ\u00e7\u00e3o de componentes leves e resistentes, especialmente na ind\u00fastria autom\u00f3vel e aeroespacial, torna este desafio particularmente relevante e estimulante para os futuros engenheiros.<\/p>\t\t\t\t\t\t\t\t<\/div>\n\t\t\t\t<\/div>\n\t\t\t\t<div class=\"elementor-element elementor-element-5141e012 elementor-widget-divider--view-line elementor-widget elementor-widget-divider\" data-id=\"5141e012\" data-element_type=\"widget\" data-e-type=\"widget\" data-widget_type=\"divider.default\">\n\t\t\t\t<div class=\"elementor-widget-container\">\n\t\t\t\t\t\t\t<div class=\"elementor-divider\">\n\t\t\t<span class=\"elementor-divider-separator\">\n\t\t\t\t\t\t<\/span>\n\t\t<\/div>\n\t\t\t\t\t\t<\/div>\n\t\t\t\t<\/div>\n\t\t\t\t<div class=\"elementor-element elementor-element-4a613a66 elementor-widget elementor-widget-text-editor\" data-id=\"4a613a66\" data-element_type=\"widget\" data-e-type=\"widget\" data-widget_type=\"text-editor.default\">\n\t\t\t\t<div class=\"elementor-widget-container\">\n\t\t\t\t\t\t\t\t\t<p>Ao submeter a sua candidatura est\u00e1 a concordar que os seus dados podem ser utilizados de acordo com a <a href=\"https:\/\/mcg.news\/info\/REG_POLITICA-PRIVACIDADE_21-10-2019.pdf\" target=\"_blank\" rel=\"noopener\">Pol\u00edtica de Privacidade MCG<\/a>.<\/p>\t\t\t\t\t\t\t\t<\/div>\n\t\t\t\t<\/div>\n\t\t\t\t\t<\/div>\n\t\t<\/div>\n\t\t\t\t<div class=\"elementor-column elementor-col-50 elementor-top-column elementor-element elementor-element-6d38784f elementor-invisible\" data-id=\"6d38784f\" data-element_type=\"column\" data-e-type=\"column\" data-settings=\"{&quot;animation&quot;:&quot;fadeIn&quot;,&quot;animation_delay&quot;:300}\">\n\t\t\t<div class=\"elementor-widget-wrap elementor-element-populated\">\n\t\t\t\t\t\t<div class=\"elementor-element elementor-element-163c6755 elementor-align-left elementor-widget__width-inherit elementor-widget elementor-widget-button\" data-id=\"163c6755\" data-element_type=\"widget\" data-e-type=\"widget\" data-widget_type=\"button.default\">\n\t\t\t\t<div class=\"elementor-widget-container\">\n\t\t\t\t\t\t\t\t\t<div class=\"elementor-button-wrapper\">\n\t\t\t\t\t<a class=\"elementor-button elementor-button-link elementor-size-sm\" href=\"https:\/\/www.mcg.pt\/trabalharnamcg\/estagios-e-teses\">\n\t\t\t\t\t\t<span class=\"elementor-button-content-wrapper\">\n\t\t\t\t\t\t<span class=\"elementor-button-icon\">\n\t\t\t\t<i aria-hidden=\"true\" class=\"far fa-arrow-alt-circle-left\"><\/i>\t\t\t<\/span>\n\t\t\t\t\t\t\t\t\t<span class=\"elementor-button-text\">Recuar para p\u00e1gina temas teses<\/span>\n\t\t\t\t\t<\/span>\n\t\t\t\t\t<\/a>\n\t\t\t\t<\/div>\n\t\t\t\t\t\t\t\t<\/div>\n\t\t\t\t<\/div>\n\t\t\t\t<section class=\"elementor-section elementor-inner-section elementor-element elementor-element-53d7992e elementor-section-boxed elementor-section-height-default elementor-section-height-default\" data-id=\"53d7992e\" data-element_type=\"section\" data-e-type=\"section\" data-settings=\"{&quot;background_background&quot;:&quot;classic&quot;}\">\n\t\t\t\t\t\t<div class=\"elementor-container elementor-column-gap-default\">\n\t\t\t\t\t<div class=\"elementor-column elementor-col-100 elementor-inner-column elementor-element elementor-element-4f5ab7de\" data-id=\"4f5ab7de\" data-element_type=\"column\" data-e-type=\"column\">\n\t\t\t<div class=\"elementor-widget-wrap elementor-element-populated\">\n\t\t\t\t\t\t<div class=\"elementor-element elementor-element-39fb9486 elementor-widget__width-auto elementor-absolute elementor-align-start elementor-icon-list--layout-traditional elementor-list-item-link-full_width elementor-widget elementor-widget-icon-list\" data-id=\"39fb9486\" data-element_type=\"widget\" data-e-type=\"widget\" data-settings=\"{&quot;_position&quot;:&quot;absolute&quot;}\" data-widget_type=\"icon-list.default\">\n\t\t\t\t<div class=\"elementor-widget-container\">\n\t\t\t\t\t\t\t<ul class=\"elementor-icon-list-items\">\n\t\t\t\t\t\t\t<li class=\"elementor-icon-list-item\">\n\t\t\t\t\t\t\t\t\t\t\t<span class=\"elementor-icon-list-icon\">\n\t\t\t\t\t\t\t<i aria-hidden=\"true\" class=\"icon icon-engineer\"><\/i>\t\t\t\t\t\t<\/span>\n\t\t\t\t\t\t\t\t\t\t<span class=\"elementor-icon-list-text\">ENG. MEC\u00c2NICA \/ MATERIAIS<\/span>\n\t\t\t\t\t\t\t\t\t<\/li>\n\t\t\t\t\t\t<\/ul>\n\t\t\t\t\t\t<\/div>\n\t\t\t\t<\/div>\n\t\t\t\t<div class=\"elementor-element elementor-element-2f4e827b elementor-widget-divider--view-line elementor-widget elementor-widget-divider\" data-id=\"2f4e827b\" data-element_type=\"widget\" data-e-type=\"widget\" data-widget_type=\"divider.default\">\n\t\t\t\t<div class=\"elementor-widget-container\">\n\t\t\t\t\t\t\t<div class=\"elementor-divider\">\n\t\t\t<span class=\"elementor-divider-separator\">\n\t\t\t\t\t\t<\/span>\n\t\t<\/div>\n\t\t\t\t\t\t<\/div>\n\t\t\t\t<\/div>\n\t\t\t\t<div class=\"elementor-element elementor-element-81eac7b elementor-icon-list--layout-traditional elementor-list-item-link-full_width elementor-widget elementor-widget-icon-list\" data-id=\"81eac7b\" data-element_type=\"widget\" data-e-type=\"widget\" data-widget_type=\"icon-list.default\">\n\t\t\t\t<div class=\"elementor-widget-container\">\n\t\t\t\t\t\t\t<ul class=\"elementor-icon-list-items\">\n\t\t\t\t\t\t\t<li class=\"elementor-icon-list-item\">\n\t\t\t\t\t\t\t\t\t\t\t<span class=\"elementor-icon-list-icon\">\n\t\t\t\t\t\t\t<i aria-hidden=\"true\" class=\"icon icon-map-marker1\"><\/i>\t\t\t\t\t\t<\/span>\n\t\t\t\t\t\t\t\t\t\t<span class=\"elementor-icon-list-text\">Local desenvolvimento: Carregado<\/span>\n\t\t\t\t\t\t\t\t\t<\/li>\n\t\t\t\t\t\t<\/ul>\n\t\t\t\t\t\t<\/div>\n\t\t\t\t<\/div>\n\t\t\t\t\t<\/div>\n\t\t<\/div>\n\t\t\t\t\t<\/div>\n\t\t<\/section>\n\t\t\t\t<div class=\"elementor-element elementor-element-6a9b990f elementor-widget elementor-widget-google_maps\" data-id=\"6a9b990f\" data-element_type=\"widget\" data-e-type=\"widget\" data-widget_type=\"google_maps.default\">\n\t\t\t\t<div class=\"elementor-widget-container\">\n\t\t\t\t\t\t\t<div class=\"elementor-custom-embed\">\n\t\t\t<iframe loading=\"lazy\"\n\t\t\t\t\tsrc=\"https:\/\/maps.google.com\/maps?q=MCG&#038;t=m&#038;z=15&#038;output=embed&#038;iwloc=near\"\n\t\t\t\t\ttitle=\"MCG\"\n\t\t\t\t\taria-label=\"MCG\"\n\t\t\t><\/iframe>\n\t\t<\/div>\n\t\t\t\t\t\t<\/div>\n\t\t\t\t<\/div>\n\t\t\t\t\t<\/div>\n\t\t<\/div>\n\t\t\t\t\t<\/div>\n\t\t<\/section>\n\t\t\t\t<\/div>\n\t\t","protected":false},"excerpt":{"rendered":"<p>3. Caracteriza\u00e7\u00e3o, Parametriza\u00e7\u00e3o e Otimiza\u00e7\u00e3o do Processo de Estampagem a Morno de Alum\u00ednio candidatar Este projeto prop\u00f5e o desenvolvimento e implementa\u00e7\u00e3o do processo de estampagem a morno de alum\u00ednio na MCG, com um foco especial na caracteriza\u00e7\u00e3o do material e do processo. Neste projeto, ter\u00e3o a oportunidade de explorar a fundo a natureza dos materiais, [&hellip;]<\/p>\n","protected":false},"author":2,"featured_media":816,"parent":0,"menu_order":0,"comment_status":"closed","ping_status":"closed","template":"elementor_header_footer","meta":{"footnotes":""},"class_list":["post-2730","page","type-page","status-publish","has-post-thumbnail","hentry"],"yoast_head":"<!-- This site is optimized with the Yoast SEO plugin v27.4 - https:\/\/yoast.com\/product\/yoast-seo-wordpress\/ -->\n<title>3. Caracteriza\u00e7\u00e3o, Parametriza\u00e7\u00e3o e Otimiza\u00e7\u00e3o do Processo de Estampagem a Morno de Alum\u00ednio - Trabalhar na MCG<\/title>\n<meta name=\"robots\" content=\"index, follow, max-snippet:-1, max-image-preview:large, max-video-preview:-1\" \/>\n<link rel=\"canonical\" href=\"https:\/\/www.mcg.pt\/trabalharnamcg\/3-caracterizacao-parametrizacao-e-otimizacao-do-processo-de-estampagem-a-morno-de-aluminio\/\" \/>\n<meta property=\"og:locale\" content=\"pt_PT\" \/>\n<meta property=\"og:type\" content=\"article\" \/>\n<meta property=\"og:title\" content=\"3. Caracteriza\u00e7\u00e3o, Parametriza\u00e7\u00e3o e Otimiza\u00e7\u00e3o do Processo de Estampagem a Morno de Alum\u00ednio - Trabalhar na MCG\" \/>\n<meta property=\"og:description\" content=\"3. Caracteriza\u00e7\u00e3o, Parametriza\u00e7\u00e3o e Otimiza\u00e7\u00e3o do Processo de Estampagem a Morno de Alum\u00ednio candidatar Este projeto prop\u00f5e o desenvolvimento e implementa\u00e7\u00e3o do processo de estampagem a morno de alum\u00ednio na MCG, com um foco especial na caracteriza\u00e7\u00e3o do material e do processo. Neste projeto, ter\u00e3o a oportunidade de explorar a fundo a natureza dos materiais, [&hellip;]\" \/>\n<meta property=\"og:url\" content=\"https:\/\/www.mcg.pt\/trabalharnamcg\/3-caracterizacao-parametrizacao-e-otimizacao-do-processo-de-estampagem-a-morno-de-aluminio\/\" \/>\n<meta property=\"og:site_name\" content=\"Trabalhar na MCG\" \/>\n<meta property=\"article:modified_time\" content=\"2024-10-03T08:42:13+00:00\" \/>\n<meta property=\"og:image\" content=\"https:\/\/www.mcg.pt\/trabalharnamcg\/wp-content\/uploads\/2023\/03\/eng_soldadura1.jpg\" \/>\n\t<meta property=\"og:image:width\" content=\"1600\" \/>\n\t<meta property=\"og:image:height\" content=\"800\" \/>\n\t<meta property=\"og:image:type\" content=\"image\/jpeg\" \/>\n<meta name=\"twitter:card\" content=\"summary_large_image\" \/>\n<meta name=\"twitter:label1\" content=\"Tempo estimado de leitura\" \/>\n\t<meta name=\"twitter:data1\" content=\"1 minuto\" \/>\n<script type=\"application\/ld+json\" class=\"yoast-schema-graph\">{\"@context\":\"https:\\\/\\\/schema.org\",\"@graph\":[{\"@type\":\"WebPage\",\"@id\":\"https:\\\/\\\/www.mcg.pt\\\/trabalharnamcg\\\/3-caracterizacao-parametrizacao-e-otimizacao-do-processo-de-estampagem-a-morno-de-aluminio\\\/\",\"url\":\"https:\\\/\\\/www.mcg.pt\\\/trabalharnamcg\\\/3-caracterizacao-parametrizacao-e-otimizacao-do-processo-de-estampagem-a-morno-de-aluminio\\\/\",\"name\":\"3. Caracteriza\u00e7\u00e3o, Parametriza\u00e7\u00e3o e Otimiza\u00e7\u00e3o do Processo de Estampagem a Morno de Alum\u00ednio - Trabalhar na MCG\",\"isPartOf\":{\"@id\":\"https:\\\/\\\/www.mcg.pt\\\/trabalharnamcg\\\/#website\"},\"primaryImageOfPage\":{\"@id\":\"https:\\\/\\\/www.mcg.pt\\\/trabalharnamcg\\\/3-caracterizacao-parametrizacao-e-otimizacao-do-processo-de-estampagem-a-morno-de-aluminio\\\/#primaryimage\"},\"image\":{\"@id\":\"https:\\\/\\\/www.mcg.pt\\\/trabalharnamcg\\\/3-caracterizacao-parametrizacao-e-otimizacao-do-processo-de-estampagem-a-morno-de-aluminio\\\/#primaryimage\"},\"thumbnailUrl\":\"https:\\\/\\\/www.mcg.pt\\\/trabalharnamcg\\\/wp-content\\\/uploads\\\/2023\\\/03\\\/eng_soldadura1.jpg\",\"datePublished\":\"2024-10-03T08:41:17+00:00\",\"dateModified\":\"2024-10-03T08:42:13+00:00\",\"breadcrumb\":{\"@id\":\"https:\\\/\\\/www.mcg.pt\\\/trabalharnamcg\\\/3-caracterizacao-parametrizacao-e-otimizacao-do-processo-de-estampagem-a-morno-de-aluminio\\\/#breadcrumb\"},\"inLanguage\":\"pt-PT\",\"potentialAction\":[{\"@type\":\"ReadAction\",\"target\":[\"https:\\\/\\\/www.mcg.pt\\\/trabalharnamcg\\\/3-caracterizacao-parametrizacao-e-otimizacao-do-processo-de-estampagem-a-morno-de-aluminio\\\/\"]}]},{\"@type\":\"ImageObject\",\"inLanguage\":\"pt-PT\",\"@id\":\"https:\\\/\\\/www.mcg.pt\\\/trabalharnamcg\\\/3-caracterizacao-parametrizacao-e-otimizacao-do-processo-de-estampagem-a-morno-de-aluminio\\\/#primaryimage\",\"url\":\"https:\\\/\\\/www.mcg.pt\\\/trabalharnamcg\\\/wp-content\\\/uploads\\\/2023\\\/03\\\/eng_soldadura1.jpg\",\"contentUrl\":\"https:\\\/\\\/www.mcg.pt\\\/trabalharnamcg\\\/wp-content\\\/uploads\\\/2023\\\/03\\\/eng_soldadura1.jpg\",\"width\":1600,\"height\":800},{\"@type\":\"BreadcrumbList\",\"@id\":\"https:\\\/\\\/www.mcg.pt\\\/trabalharnamcg\\\/3-caracterizacao-parametrizacao-e-otimizacao-do-processo-de-estampagem-a-morno-de-aluminio\\\/#breadcrumb\",\"itemListElement\":[{\"@type\":\"ListItem\",\"position\":1,\"name\":\"In\u00edcio\",\"item\":\"https:\\\/\\\/www.mcg.pt\\\/trabalharnamcg\\\/\"},{\"@type\":\"ListItem\",\"position\":2,\"name\":\"3. Caracteriza\u00e7\u00e3o, Parametriza\u00e7\u00e3o e Otimiza\u00e7\u00e3o do Processo de Estampagem a Morno de Alum\u00ednio\"}]},{\"@type\":\"WebSite\",\"@id\":\"https:\\\/\\\/www.mcg.pt\\\/trabalharnamcg\\\/#website\",\"url\":\"https:\\\/\\\/www.mcg.pt\\\/trabalharnamcg\\\/\",\"name\":\"Trabalhar na MCG\",\"description\":\"Oportunidades de emprego na MCG\",\"potentialAction\":[{\"@type\":\"SearchAction\",\"target\":{\"@type\":\"EntryPoint\",\"urlTemplate\":\"https:\\\/\\\/www.mcg.pt\\\/trabalharnamcg\\\/?s={search_term_string}\"},\"query-input\":{\"@type\":\"PropertyValueSpecification\",\"valueRequired\":true,\"valueName\":\"search_term_string\"}}],\"inLanguage\":\"pt-PT\"}]}<\/script>\n<!-- \/ Yoast SEO plugin. -->","yoast_head_json":{"title":"3. Caracteriza\u00e7\u00e3o, Parametriza\u00e7\u00e3o e Otimiza\u00e7\u00e3o do Processo de Estampagem a Morno de Alum\u00ednio - Trabalhar na MCG","robots":{"index":"index","follow":"follow","max-snippet":"max-snippet:-1","max-image-preview":"max-image-preview:large","max-video-preview":"max-video-preview:-1"},"canonical":"https:\/\/www.mcg.pt\/trabalharnamcg\/3-caracterizacao-parametrizacao-e-otimizacao-do-processo-de-estampagem-a-morno-de-aluminio\/","og_locale":"pt_PT","og_type":"article","og_title":"3. Caracteriza\u00e7\u00e3o, Parametriza\u00e7\u00e3o e Otimiza\u00e7\u00e3o do Processo de Estampagem a Morno de Alum\u00ednio - Trabalhar na MCG","og_description":"3. Caracteriza\u00e7\u00e3o, Parametriza\u00e7\u00e3o e Otimiza\u00e7\u00e3o do Processo de Estampagem a Morno de Alum\u00ednio candidatar Este projeto prop\u00f5e o desenvolvimento e implementa\u00e7\u00e3o do processo de estampagem a morno de alum\u00ednio na MCG, com um foco especial na caracteriza\u00e7\u00e3o do material e do processo. Neste projeto, ter\u00e3o a oportunidade de explorar a fundo a natureza dos materiais, [&hellip;]","og_url":"https:\/\/www.mcg.pt\/trabalharnamcg\/3-caracterizacao-parametrizacao-e-otimizacao-do-processo-de-estampagem-a-morno-de-aluminio\/","og_site_name":"Trabalhar na MCG","article_modified_time":"2024-10-03T08:42:13+00:00","og_image":[{"width":1600,"height":800,"url":"https:\/\/www.mcg.pt\/trabalharnamcg\/wp-content\/uploads\/2023\/03\/eng_soldadura1.jpg","type":"image\/jpeg"}],"twitter_card":"summary_large_image","twitter_misc":{"Tempo estimado de leitura":"1 minuto"},"schema":{"@context":"https:\/\/schema.org","@graph":[{"@type":"WebPage","@id":"https:\/\/www.mcg.pt\/trabalharnamcg\/3-caracterizacao-parametrizacao-e-otimizacao-do-processo-de-estampagem-a-morno-de-aluminio\/","url":"https:\/\/www.mcg.pt\/trabalharnamcg\/3-caracterizacao-parametrizacao-e-otimizacao-do-processo-de-estampagem-a-morno-de-aluminio\/","name":"3. Caracteriza\u00e7\u00e3o, Parametriza\u00e7\u00e3o e Otimiza\u00e7\u00e3o do Processo de Estampagem a Morno de Alum\u00ednio - Trabalhar na MCG","isPartOf":{"@id":"https:\/\/www.mcg.pt\/trabalharnamcg\/#website"},"primaryImageOfPage":{"@id":"https:\/\/www.mcg.pt\/trabalharnamcg\/3-caracterizacao-parametrizacao-e-otimizacao-do-processo-de-estampagem-a-morno-de-aluminio\/#primaryimage"},"image":{"@id":"https:\/\/www.mcg.pt\/trabalharnamcg\/3-caracterizacao-parametrizacao-e-otimizacao-do-processo-de-estampagem-a-morno-de-aluminio\/#primaryimage"},"thumbnailUrl":"https:\/\/www.mcg.pt\/trabalharnamcg\/wp-content\/uploads\/2023\/03\/eng_soldadura1.jpg","datePublished":"2024-10-03T08:41:17+00:00","dateModified":"2024-10-03T08:42:13+00:00","breadcrumb":{"@id":"https:\/\/www.mcg.pt\/trabalharnamcg\/3-caracterizacao-parametrizacao-e-otimizacao-do-processo-de-estampagem-a-morno-de-aluminio\/#breadcrumb"},"inLanguage":"pt-PT","potentialAction":[{"@type":"ReadAction","target":["https:\/\/www.mcg.pt\/trabalharnamcg\/3-caracterizacao-parametrizacao-e-otimizacao-do-processo-de-estampagem-a-morno-de-aluminio\/"]}]},{"@type":"ImageObject","inLanguage":"pt-PT","@id":"https:\/\/www.mcg.pt\/trabalharnamcg\/3-caracterizacao-parametrizacao-e-otimizacao-do-processo-de-estampagem-a-morno-de-aluminio\/#primaryimage","url":"https:\/\/www.mcg.pt\/trabalharnamcg\/wp-content\/uploads\/2023\/03\/eng_soldadura1.jpg","contentUrl":"https:\/\/www.mcg.pt\/trabalharnamcg\/wp-content\/uploads\/2023\/03\/eng_soldadura1.jpg","width":1600,"height":800},{"@type":"BreadcrumbList","@id":"https:\/\/www.mcg.pt\/trabalharnamcg\/3-caracterizacao-parametrizacao-e-otimizacao-do-processo-de-estampagem-a-morno-de-aluminio\/#breadcrumb","itemListElement":[{"@type":"ListItem","position":1,"name":"In\u00edcio","item":"https:\/\/www.mcg.pt\/trabalharnamcg\/"},{"@type":"ListItem","position":2,"name":"3. Caracteriza\u00e7\u00e3o, Parametriza\u00e7\u00e3o e Otimiza\u00e7\u00e3o do Processo de Estampagem a Morno de Alum\u00ednio"}]},{"@type":"WebSite","@id":"https:\/\/www.mcg.pt\/trabalharnamcg\/#website","url":"https:\/\/www.mcg.pt\/trabalharnamcg\/","name":"Trabalhar na MCG","description":"Oportunidades de emprego na MCG","potentialAction":[{"@type":"SearchAction","target":{"@type":"EntryPoint","urlTemplate":"https:\/\/www.mcg.pt\/trabalharnamcg\/?s={search_term_string}"},"query-input":{"@type":"PropertyValueSpecification","valueRequired":true,"valueName":"search_term_string"}}],"inLanguage":"pt-PT"}]}},"_links":{"self":[{"href":"https:\/\/www.mcg.pt\/trabalharnamcg\/wp-json\/wp\/v2\/pages\/2730","targetHints":{"allow":["GET"]}}],"collection":[{"href":"https:\/\/www.mcg.pt\/trabalharnamcg\/wp-json\/wp\/v2\/pages"}],"about":[{"href":"https:\/\/www.mcg.pt\/trabalharnamcg\/wp-json\/wp\/v2\/types\/page"}],"author":[{"embeddable":true,"href":"https:\/\/www.mcg.pt\/trabalharnamcg\/wp-json\/wp\/v2\/users\/2"}],"replies":[{"embeddable":true,"href":"https:\/\/www.mcg.pt\/trabalharnamcg\/wp-json\/wp\/v2\/comments?post=2730"}],"version-history":[{"count":4,"href":"https:\/\/www.mcg.pt\/trabalharnamcg\/wp-json\/wp\/v2\/pages\/2730\/revisions"}],"predecessor-version":[{"id":2734,"href":"https:\/\/www.mcg.pt\/trabalharnamcg\/wp-json\/wp\/v2\/pages\/2730\/revisions\/2734"}],"wp:featuredmedia":[{"embeddable":true,"href":"https:\/\/www.mcg.pt\/trabalharnamcg\/wp-json\/wp\/v2\/media\/816"}],"wp:attachment":[{"href":"https:\/\/www.mcg.pt\/trabalharnamcg\/wp-json\/wp\/v2\/media?parent=2730"}],"curies":[{"name":"wp","href":"https:\/\/api.w.org\/{rel}","templated":true}]}}