{"id":2805,"date":"2024-10-03T10:56:17","date_gmt":"2024-10-03T10:56:17","guid":{"rendered":"https:\/\/www.mcg.pt\/trabalharnamcg\/?page_id=2805"},"modified":"2024-10-03T10:57:09","modified_gmt":"2024-10-03T10:57:09","slug":"14-estudos-de-otimizacao-e-normalizacao-de-um-posto-de-trabalho-em-seguranca-ergonomia-e-produtividade","status":"publish","type":"page","link":"https:\/\/www.mcg.pt\/trabalharnamcg\/14-estudos-de-otimizacao-e-normalizacao-de-um-posto-de-trabalho-em-seguranca-ergonomia-e-produtividade\/","title":{"rendered":"14. Estudos de Otimiza\u00e7\u00e3o e Normaliza\u00e7\u00e3o de um Posto de Trabalho em Seguran\u00e7a, Ergonomia e Produtividade"},"content":{"rendered":"\t\t<div data-elementor-type=\"wp-page\" data-elementor-id=\"2805\" class=\"elementor elementor-2805\" data-elementor-post-type=\"page\">\n\t\t\t\t\t\t<section class=\"elementor-section elementor-top-section elementor-element elementor-element-64b4b931 elementor-section-boxed elementor-section-height-default elementor-section-height-default\" data-id=\"64b4b931\" data-element_type=\"section\" data-e-type=\"section\">\n\t\t\t\t\t\t<div class=\"elementor-container elementor-column-gap-default\">\n\t\t\t\t\t<div class=\"elementor-column elementor-col-50 elementor-top-column elementor-element elementor-element-5271b1d4 elementor-invisible\" data-id=\"5271b1d4\" data-element_type=\"column\" data-e-type=\"column\" data-settings=\"{&quot;background_background&quot;:&quot;classic&quot;,&quot;animation&quot;:&quot;fadeIn&quot;,&quot;animation_delay&quot;:200}\">\n\t\t\t<div class=\"elementor-widget-wrap elementor-element-populated\">\n\t\t\t\t\t\t<section class=\"elementor-section elementor-inner-section elementor-element elementor-element-31c139a7 elementor-section-boxed elementor-section-height-default elementor-section-height-default\" data-id=\"31c139a7\" data-element_type=\"section\" data-e-type=\"section\">\n\t\t\t\t\t\t<div class=\"elementor-container elementor-column-gap-default\">\n\t\t\t\t\t<div class=\"elementor-column elementor-col-50 elementor-inner-column elementor-element elementor-element-5dab6773\" data-id=\"5dab6773\" data-element_type=\"column\" data-e-type=\"column\">\n\t\t\t<div class=\"elementor-widget-wrap elementor-element-populated\">\n\t\t\t\t\t\t<div class=\"elementor-element elementor-element-2329e6c4 elementor-widget elementor-widget-heading\" data-id=\"2329e6c4\" data-element_type=\"widget\" data-e-type=\"widget\" data-widget_type=\"heading.default\">\n\t\t\t\t<div class=\"elementor-widget-container\">\n\t\t\t\t\t<h3 class=\"elementor-heading-title elementor-size-default\">14. Estudos de Otimiza\u00e7\u00e3o e Normaliza\u00e7\u00e3o de um Posto de Trabalho em Seguran\u00e7a, Ergonomia e Produtividade <\/h3>\t\t\t\t<\/div>\n\t\t\t\t<\/div>\n\t\t\t\t\t<\/div>\n\t\t<\/div>\n\t\t\t\t<div class=\"elementor-column elementor-col-50 elementor-inner-column elementor-element elementor-element-7e76f2f9\" data-id=\"7e76f2f9\" data-element_type=\"column\" data-e-type=\"column\">\n\t\t\t<div class=\"elementor-widget-wrap elementor-element-populated\">\n\t\t\t\t\t\t<div class=\"elementor-element elementor-element-4b0fcefa elementor-align-right elementor-mobile-align-justify elementor-widget elementor-widget-button\" data-id=\"4b0fcefa\" data-element_type=\"widget\" data-e-type=\"widget\" data-widget_type=\"button.default\">\n\t\t\t\t<div class=\"elementor-widget-container\">\n\t\t\t\t\t\t\t\t\t<div class=\"elementor-button-wrapper\">\n\t\t\t\t\t<a class=\"elementor-button elementor-button-link elementor-size-sm\" href=\"https:\/\/form.jotform.com\/232712083724351\" target=\"_blank\">\n\t\t\t\t\t\t<span class=\"elementor-button-content-wrapper\">\n\t\t\t\t\t\t<span class=\"elementor-button-icon\">\n\t\t\t\t<i aria-hidden=\"true\" class=\"fab fa-telegram-plane\"><\/i>\t\t\t<\/span>\n\t\t\t\t\t\t\t\t\t<span class=\"elementor-button-text\">candidatar<\/span>\n\t\t\t\t\t<\/span>\n\t\t\t\t\t<\/a>\n\t\t\t\t<\/div>\n\t\t\t\t\t\t\t\t<\/div>\n\t\t\t\t<\/div>\n\t\t\t\t\t<\/div>\n\t\t<\/div>\n\t\t\t\t\t<\/div>\n\t\t<\/section>\n\t\t\t\t<div class=\"elementor-element elementor-element-219080dd elementor-widget elementor-widget-text-editor\" data-id=\"219080dd\" data-element_type=\"widget\" data-e-type=\"widget\" data-widget_type=\"text-editor.default\">\n\t\t\t\t<div class=\"elementor-widget-container\">\n\t\t\t\t\t\t\t\t\t<p>Este projeto prop\u00f5e a realiza\u00e7\u00e3o de um estudo abrangente sobre a otimiza\u00e7\u00e3o e normaliza\u00e7\u00e3o de postos de trabalho, com o intuito de maximizar a produtividade entre operadores, tendo em considera\u00e7\u00e3o fatores cruciais como a seguran\u00e7a e a ergonomia.<\/p><p>Neste projeto, ser\u00e3o desafiados a investigar diferentes abordagens e a propor solu\u00e7\u00f5es que permitam criar ambientes de trabalho eficientes e seguros.<\/p><p>A normaliza\u00e7\u00e3o dos procedimentos entre operadores n\u00e3o s\u00f3 contribuir\u00e1 para uma melhoria na produtividade, mas tamb\u00e9m garantir\u00e1 que as condi\u00e7\u00f5es de trabalho respeitem as melhores pr\u00e1ticas em termos de sa\u00fade e bem-estar.<\/p><p>Dada a variedade de contextos industriais, os alunos ter\u00e3o a oportunidade de explorar diversos tipos de postos de trabalho e desenvolver v\u00e1rias teses focadas em situa\u00e7\u00f5es espec\u00edficas.<\/p><p>Este projeto n\u00e3o s\u00f3 oferece uma experi\u00eancia pr\u00e1tica valiosa na aplica\u00e7\u00e3o de princ\u00edpios de engenharia industrial, como tamb\u00e9m aborda quest\u00f5es fundamentais de responsabilidade social e de prote\u00e7\u00e3o dos trabalhadores.<\/p><p>A relev\u00e2ncia da seguran\u00e7a e ergonomia no ambiente de trabalho torna este desafio particularmente interessante e impactante para a forma\u00e7\u00e3o de futuros profissionais da \u00e1rea.<\/p>\t\t\t\t\t\t\t\t<\/div>\n\t\t\t\t<\/div>\n\t\t\t\t<div class=\"elementor-element elementor-element-5141e012 elementor-widget-divider--view-line elementor-widget elementor-widget-divider\" data-id=\"5141e012\" data-element_type=\"widget\" data-e-type=\"widget\" data-widget_type=\"divider.default\">\n\t\t\t\t<div class=\"elementor-widget-container\">\n\t\t\t\t\t\t\t<div class=\"elementor-divider\">\n\t\t\t<span class=\"elementor-divider-separator\">\n\t\t\t\t\t\t<\/span>\n\t\t<\/div>\n\t\t\t\t\t\t<\/div>\n\t\t\t\t<\/div>\n\t\t\t\t<div class=\"elementor-element elementor-element-4a613a66 elementor-widget elementor-widget-text-editor\" data-id=\"4a613a66\" data-element_type=\"widget\" data-e-type=\"widget\" data-widget_type=\"text-editor.default\">\n\t\t\t\t<div class=\"elementor-widget-container\">\n\t\t\t\t\t\t\t\t\t<p>Ao submeter a sua candidatura est\u00e1 a concordar que os seus dados podem ser utilizados de acordo com a <a href=\"https:\/\/mcg.news\/info\/REG_POLITICA-PRIVACIDADE_21-10-2019.pdf\" target=\"_blank\" rel=\"noopener\">Pol\u00edtica de Privacidade MCG<\/a>.<\/p>\t\t\t\t\t\t\t\t<\/div>\n\t\t\t\t<\/div>\n\t\t\t\t\t<\/div>\n\t\t<\/div>\n\t\t\t\t<div class=\"elementor-column elementor-col-50 elementor-top-column elementor-element elementor-element-6d38784f elementor-invisible\" data-id=\"6d38784f\" data-element_type=\"column\" data-e-type=\"column\" data-settings=\"{&quot;animation&quot;:&quot;fadeIn&quot;,&quot;animation_delay&quot;:300}\">\n\t\t\t<div class=\"elementor-widget-wrap elementor-element-populated\">\n\t\t\t\t\t\t<div class=\"elementor-element elementor-element-163c6755 elementor-align-left elementor-widget__width-inherit elementor-widget elementor-widget-button\" data-id=\"163c6755\" data-element_type=\"widget\" data-e-type=\"widget\" data-widget_type=\"button.default\">\n\t\t\t\t<div class=\"elementor-widget-container\">\n\t\t\t\t\t\t\t\t\t<div class=\"elementor-button-wrapper\">\n\t\t\t\t\t<a class=\"elementor-button elementor-button-link elementor-size-sm\" href=\"https:\/\/www.mcg.pt\/trabalharnamcg\/estagios-e-teses\">\n\t\t\t\t\t\t<span class=\"elementor-button-content-wrapper\">\n\t\t\t\t\t\t<span class=\"elementor-button-icon\">\n\t\t\t\t<i aria-hidden=\"true\" class=\"far fa-arrow-alt-circle-left\"><\/i>\t\t\t<\/span>\n\t\t\t\t\t\t\t\t\t<span class=\"elementor-button-text\">Recuar para p\u00e1gina temas teses<\/span>\n\t\t\t\t\t<\/span>\n\t\t\t\t\t<\/a>\n\t\t\t\t<\/div>\n\t\t\t\t\t\t\t\t<\/div>\n\t\t\t\t<\/div>\n\t\t\t\t<section class=\"elementor-section elementor-inner-section elementor-element elementor-element-53d7992e elementor-section-boxed elementor-section-height-default elementor-section-height-default\" data-id=\"53d7992e\" data-element_type=\"section\" data-e-type=\"section\" data-settings=\"{&quot;background_background&quot;:&quot;classic&quot;}\">\n\t\t\t\t\t\t<div class=\"elementor-container elementor-column-gap-default\">\n\t\t\t\t\t<div class=\"elementor-column elementor-col-100 elementor-inner-column elementor-element elementor-element-4f5ab7de\" data-id=\"4f5ab7de\" data-element_type=\"column\" data-e-type=\"column\">\n\t\t\t<div class=\"elementor-widget-wrap elementor-element-populated\">\n\t\t\t\t\t\t<div class=\"elementor-element elementor-element-39fb9486 elementor-widget__width-auto elementor-absolute elementor-align-start elementor-icon-list--layout-traditional elementor-list-item-link-full_width elementor-widget elementor-widget-icon-list\" data-id=\"39fb9486\" data-element_type=\"widget\" data-e-type=\"widget\" data-settings=\"{&quot;_position&quot;:&quot;absolute&quot;}\" data-widget_type=\"icon-list.default\">\n\t\t\t\t<div class=\"elementor-widget-container\">\n\t\t\t\t\t\t\t<ul class=\"elementor-icon-list-items\">\n\t\t\t\t\t\t\t<li class=\"elementor-icon-list-item\">\n\t\t\t\t\t\t\t\t\t\t\t<span class=\"elementor-icon-list-icon\">\n\t\t\t\t\t\t\t<i aria-hidden=\"true\" class=\"icon icon-factory\"><\/i>\t\t\t\t\t\t<\/span>\n\t\t\t\t\t\t\t\t\t\t<span class=\"elementor-icon-list-text\">ENG. GEST\u00c3O INDUSTRIAL<\/span>\n\t\t\t\t\t\t\t\t\t<\/li>\n\t\t\t\t\t\t<\/ul>\n\t\t\t\t\t\t<\/div>\n\t\t\t\t<\/div>\n\t\t\t\t<div class=\"elementor-element elementor-element-2f4e827b elementor-widget-divider--view-line elementor-widget elementor-widget-divider\" data-id=\"2f4e827b\" data-element_type=\"widget\" data-e-type=\"widget\" data-widget_type=\"divider.default\">\n\t\t\t\t<div class=\"elementor-widget-container\">\n\t\t\t\t\t\t\t<div class=\"elementor-divider\">\n\t\t\t<span class=\"elementor-divider-separator\">\n\t\t\t\t\t\t<\/span>\n\t\t<\/div>\n\t\t\t\t\t\t<\/div>\n\t\t\t\t<\/div>\n\t\t\t\t<div class=\"elementor-element elementor-element-81eac7b elementor-icon-list--layout-traditional elementor-list-item-link-full_width elementor-widget elementor-widget-icon-list\" data-id=\"81eac7b\" data-element_type=\"widget\" data-e-type=\"widget\" data-widget_type=\"icon-list.default\">\n\t\t\t\t<div class=\"elementor-widget-container\">\n\t\t\t\t\t\t\t<ul class=\"elementor-icon-list-items\">\n\t\t\t\t\t\t\t<li class=\"elementor-icon-list-item\">\n\t\t\t\t\t\t\t\t\t\t\t<span class=\"elementor-icon-list-icon\">\n\t\t\t\t\t\t\t<i aria-hidden=\"true\" class=\"icon icon-map-marker1\"><\/i>\t\t\t\t\t\t<\/span>\n\t\t\t\t\t\t\t\t\t\t<span class=\"elementor-icon-list-text\">Local desenvolvimento: Carregado<\/span>\n\t\t\t\t\t\t\t\t\t<\/li>\n\t\t\t\t\t\t<\/ul>\n\t\t\t\t\t\t<\/div>\n\t\t\t\t<\/div>\n\t\t\t\t\t<\/div>\n\t\t<\/div>\n\t\t\t\t\t<\/div>\n\t\t<\/section>\n\t\t\t\t<div class=\"elementor-element elementor-element-6a9b990f elementor-widget elementor-widget-google_maps\" data-id=\"6a9b990f\" data-element_type=\"widget\" data-e-type=\"widget\" data-widget_type=\"google_maps.default\">\n\t\t\t\t<div class=\"elementor-widget-container\">\n\t\t\t\t\t\t\t<div class=\"elementor-custom-embed\">\n\t\t\t<iframe loading=\"lazy\"\n\t\t\t\t\tsrc=\"https:\/\/maps.google.com\/maps?q=MCG&#038;t=m&#038;z=15&#038;output=embed&#038;iwloc=near\"\n\t\t\t\t\ttitle=\"MCG\"\n\t\t\t\t\taria-label=\"MCG\"\n\t\t\t><\/iframe>\n\t\t<\/div>\n\t\t\t\t\t\t<\/div>\n\t\t\t\t<\/div>\n\t\t\t\t\t<\/div>\n\t\t<\/div>\n\t\t\t\t\t<\/div>\n\t\t<\/section>\n\t\t\t\t<\/div>\n\t\t","protected":false},"excerpt":{"rendered":"<p>14. Estudos de Otimiza\u00e7\u00e3o e Normaliza\u00e7\u00e3o de um Posto de Trabalho em Seguran\u00e7a, Ergonomia e Produtividade candidatar Este projeto prop\u00f5e a realiza\u00e7\u00e3o de um estudo abrangente sobre a otimiza\u00e7\u00e3o e normaliza\u00e7\u00e3o de postos de trabalho, com o intuito de maximizar a produtividade entre operadores, tendo em considera\u00e7\u00e3o fatores cruciais como a seguran\u00e7a e a ergonomia. [&hellip;]<\/p>\n","protected":false},"author":2,"featured_media":1859,"parent":0,"menu_order":0,"comment_status":"closed","ping_status":"closed","template":"elementor_header_footer","meta":{"footnotes":""},"class_list":["post-2805","page","type-page","status-publish","has-post-thumbnail","hentry"],"yoast_head":"<!-- This site is optimized with the Yoast SEO plugin v27.4 - https:\/\/yoast.com\/product\/yoast-seo-wordpress\/ -->\n<title>14. Estudos de Otimiza\u00e7\u00e3o e Normaliza\u00e7\u00e3o de um Posto de Trabalho em Seguran\u00e7a, Ergonomia e Produtividade - Trabalhar na MCG<\/title>\n<meta name=\"robots\" content=\"index, follow, max-snippet:-1, max-image-preview:large, max-video-preview:-1\" \/>\n<link rel=\"canonical\" href=\"https:\/\/www.mcg.pt\/trabalharnamcg\/14-estudos-de-otimizacao-e-normalizacao-de-um-posto-de-trabalho-em-seguranca-ergonomia-e-produtividade\/\" \/>\n<meta property=\"og:locale\" content=\"pt_PT\" \/>\n<meta property=\"og:type\" content=\"article\" \/>\n<meta property=\"og:title\" content=\"14. Estudos de Otimiza\u00e7\u00e3o e Normaliza\u00e7\u00e3o de um Posto de Trabalho em Seguran\u00e7a, Ergonomia e Produtividade - Trabalhar na MCG\" \/>\n<meta property=\"og:description\" content=\"14. Estudos de Otimiza\u00e7\u00e3o e Normaliza\u00e7\u00e3o de um Posto de Trabalho em Seguran\u00e7a, Ergonomia e Produtividade candidatar Este projeto prop\u00f5e a realiza\u00e7\u00e3o de um estudo abrangente sobre a otimiza\u00e7\u00e3o e normaliza\u00e7\u00e3o de postos de trabalho, com o intuito de maximizar a produtividade entre operadores, tendo em considera\u00e7\u00e3o fatores cruciais como a seguran\u00e7a e a ergonomia. [&hellip;]\" \/>\n<meta property=\"og:url\" content=\"https:\/\/www.mcg.pt\/trabalharnamcg\/14-estudos-de-otimizacao-e-normalizacao-de-um-posto-de-trabalho-em-seguranca-ergonomia-e-produtividade\/\" \/>\n<meta property=\"og:site_name\" content=\"Trabalhar na MCG\" \/>\n<meta property=\"article:modified_time\" content=\"2024-10-03T10:57:09+00:00\" \/>\n<meta property=\"og:image\" content=\"https:\/\/www.mcg.pt\/trabalharnamcg\/wp-content\/uploads\/2023\/07\/ambiente.jpg\" \/>\n\t<meta property=\"og:image:width\" content=\"1600\" \/>\n\t<meta property=\"og:image:height\" content=\"800\" \/>\n\t<meta property=\"og:image:type\" content=\"image\/jpeg\" \/>\n<meta name=\"twitter:card\" content=\"summary_large_image\" \/>\n<meta name=\"twitter:label1\" content=\"Tempo estimado de leitura\" \/>\n\t<meta name=\"twitter:data1\" content=\"2 minutos\" \/>\n<script type=\"application\/ld+json\" class=\"yoast-schema-graph\">{\"@context\":\"https:\\\/\\\/schema.org\",\"@graph\":[{\"@type\":\"WebPage\",\"@id\":\"https:\\\/\\\/www.mcg.pt\\\/trabalharnamcg\\\/14-estudos-de-otimizacao-e-normalizacao-de-um-posto-de-trabalho-em-seguranca-ergonomia-e-produtividade\\\/\",\"url\":\"https:\\\/\\\/www.mcg.pt\\\/trabalharnamcg\\\/14-estudos-de-otimizacao-e-normalizacao-de-um-posto-de-trabalho-em-seguranca-ergonomia-e-produtividade\\\/\",\"name\":\"14. Estudos de Otimiza\u00e7\u00e3o e Normaliza\u00e7\u00e3o de um Posto de Trabalho em Seguran\u00e7a, Ergonomia e Produtividade - Trabalhar na MCG\",\"isPartOf\":{\"@id\":\"https:\\\/\\\/www.mcg.pt\\\/trabalharnamcg\\\/#website\"},\"primaryImageOfPage\":{\"@id\":\"https:\\\/\\\/www.mcg.pt\\\/trabalharnamcg\\\/14-estudos-de-otimizacao-e-normalizacao-de-um-posto-de-trabalho-em-seguranca-ergonomia-e-produtividade\\\/#primaryimage\"},\"image\":{\"@id\":\"https:\\\/\\\/www.mcg.pt\\\/trabalharnamcg\\\/14-estudos-de-otimizacao-e-normalizacao-de-um-posto-de-trabalho-em-seguranca-ergonomia-e-produtividade\\\/#primaryimage\"},\"thumbnailUrl\":\"https:\\\/\\\/www.mcg.pt\\\/trabalharnamcg\\\/wp-content\\\/uploads\\\/2023\\\/07\\\/ambiente.jpg\",\"datePublished\":\"2024-10-03T10:56:17+00:00\",\"dateModified\":\"2024-10-03T10:57:09+00:00\",\"breadcrumb\":{\"@id\":\"https:\\\/\\\/www.mcg.pt\\\/trabalharnamcg\\\/14-estudos-de-otimizacao-e-normalizacao-de-um-posto-de-trabalho-em-seguranca-ergonomia-e-produtividade\\\/#breadcrumb\"},\"inLanguage\":\"pt-PT\",\"potentialAction\":[{\"@type\":\"ReadAction\",\"target\":[\"https:\\\/\\\/www.mcg.pt\\\/trabalharnamcg\\\/14-estudos-de-otimizacao-e-normalizacao-de-um-posto-de-trabalho-em-seguranca-ergonomia-e-produtividade\\\/\"]}]},{\"@type\":\"ImageObject\",\"inLanguage\":\"pt-PT\",\"@id\":\"https:\\\/\\\/www.mcg.pt\\\/trabalharnamcg\\\/14-estudos-de-otimizacao-e-normalizacao-de-um-posto-de-trabalho-em-seguranca-ergonomia-e-produtividade\\\/#primaryimage\",\"url\":\"https:\\\/\\\/www.mcg.pt\\\/trabalharnamcg\\\/wp-content\\\/uploads\\\/2023\\\/07\\\/ambiente.jpg\",\"contentUrl\":\"https:\\\/\\\/www.mcg.pt\\\/trabalharnamcg\\\/wp-content\\\/uploads\\\/2023\\\/07\\\/ambiente.jpg\",\"width\":1600,\"height\":800},{\"@type\":\"BreadcrumbList\",\"@id\":\"https:\\\/\\\/www.mcg.pt\\\/trabalharnamcg\\\/14-estudos-de-otimizacao-e-normalizacao-de-um-posto-de-trabalho-em-seguranca-ergonomia-e-produtividade\\\/#breadcrumb\",\"itemListElement\":[{\"@type\":\"ListItem\",\"position\":1,\"name\":\"In\u00edcio\",\"item\":\"https:\\\/\\\/www.mcg.pt\\\/trabalharnamcg\\\/\"},{\"@type\":\"ListItem\",\"position\":2,\"name\":\"14. Estudos de Otimiza\u00e7\u00e3o e Normaliza\u00e7\u00e3o de um Posto de Trabalho em Seguran\u00e7a, Ergonomia e Produtividade\"}]},{\"@type\":\"WebSite\",\"@id\":\"https:\\\/\\\/www.mcg.pt\\\/trabalharnamcg\\\/#website\",\"url\":\"https:\\\/\\\/www.mcg.pt\\\/trabalharnamcg\\\/\",\"name\":\"Trabalhar na MCG\",\"description\":\"Oportunidades de emprego na MCG\",\"potentialAction\":[{\"@type\":\"SearchAction\",\"target\":{\"@type\":\"EntryPoint\",\"urlTemplate\":\"https:\\\/\\\/www.mcg.pt\\\/trabalharnamcg\\\/?s={search_term_string}\"},\"query-input\":{\"@type\":\"PropertyValueSpecification\",\"valueRequired\":true,\"valueName\":\"search_term_string\"}}],\"inLanguage\":\"pt-PT\"}]}<\/script>\n<!-- \/ Yoast SEO plugin. -->","yoast_head_json":{"title":"14. Estudos de Otimiza\u00e7\u00e3o e Normaliza\u00e7\u00e3o de um Posto de Trabalho em Seguran\u00e7a, Ergonomia e Produtividade - Trabalhar na MCG","robots":{"index":"index","follow":"follow","max-snippet":"max-snippet:-1","max-image-preview":"max-image-preview:large","max-video-preview":"max-video-preview:-1"},"canonical":"https:\/\/www.mcg.pt\/trabalharnamcg\/14-estudos-de-otimizacao-e-normalizacao-de-um-posto-de-trabalho-em-seguranca-ergonomia-e-produtividade\/","og_locale":"pt_PT","og_type":"article","og_title":"14. Estudos de Otimiza\u00e7\u00e3o e Normaliza\u00e7\u00e3o de um Posto de Trabalho em Seguran\u00e7a, Ergonomia e Produtividade - Trabalhar na MCG","og_description":"14. Estudos de Otimiza\u00e7\u00e3o e Normaliza\u00e7\u00e3o de um Posto de Trabalho em Seguran\u00e7a, Ergonomia e Produtividade candidatar Este projeto prop\u00f5e a realiza\u00e7\u00e3o de um estudo abrangente sobre a otimiza\u00e7\u00e3o e normaliza\u00e7\u00e3o de postos de trabalho, com o intuito de maximizar a produtividade entre operadores, tendo em considera\u00e7\u00e3o fatores cruciais como a seguran\u00e7a e a ergonomia. [&hellip;]","og_url":"https:\/\/www.mcg.pt\/trabalharnamcg\/14-estudos-de-otimizacao-e-normalizacao-de-um-posto-de-trabalho-em-seguranca-ergonomia-e-produtividade\/","og_site_name":"Trabalhar na MCG","article_modified_time":"2024-10-03T10:57:09+00:00","og_image":[{"width":1600,"height":800,"url":"https:\/\/www.mcg.pt\/trabalharnamcg\/wp-content\/uploads\/2023\/07\/ambiente.jpg","type":"image\/jpeg"}],"twitter_card":"summary_large_image","twitter_misc":{"Tempo estimado de leitura":"2 minutos"},"schema":{"@context":"https:\/\/schema.org","@graph":[{"@type":"WebPage","@id":"https:\/\/www.mcg.pt\/trabalharnamcg\/14-estudos-de-otimizacao-e-normalizacao-de-um-posto-de-trabalho-em-seguranca-ergonomia-e-produtividade\/","url":"https:\/\/www.mcg.pt\/trabalharnamcg\/14-estudos-de-otimizacao-e-normalizacao-de-um-posto-de-trabalho-em-seguranca-ergonomia-e-produtividade\/","name":"14. Estudos de Otimiza\u00e7\u00e3o e Normaliza\u00e7\u00e3o de um Posto de Trabalho em Seguran\u00e7a, Ergonomia e Produtividade - Trabalhar na MCG","isPartOf":{"@id":"https:\/\/www.mcg.pt\/trabalharnamcg\/#website"},"primaryImageOfPage":{"@id":"https:\/\/www.mcg.pt\/trabalharnamcg\/14-estudos-de-otimizacao-e-normalizacao-de-um-posto-de-trabalho-em-seguranca-ergonomia-e-produtividade\/#primaryimage"},"image":{"@id":"https:\/\/www.mcg.pt\/trabalharnamcg\/14-estudos-de-otimizacao-e-normalizacao-de-um-posto-de-trabalho-em-seguranca-ergonomia-e-produtividade\/#primaryimage"},"thumbnailUrl":"https:\/\/www.mcg.pt\/trabalharnamcg\/wp-content\/uploads\/2023\/07\/ambiente.jpg","datePublished":"2024-10-03T10:56:17+00:00","dateModified":"2024-10-03T10:57:09+00:00","breadcrumb":{"@id":"https:\/\/www.mcg.pt\/trabalharnamcg\/14-estudos-de-otimizacao-e-normalizacao-de-um-posto-de-trabalho-em-seguranca-ergonomia-e-produtividade\/#breadcrumb"},"inLanguage":"pt-PT","potentialAction":[{"@type":"ReadAction","target":["https:\/\/www.mcg.pt\/trabalharnamcg\/14-estudos-de-otimizacao-e-normalizacao-de-um-posto-de-trabalho-em-seguranca-ergonomia-e-produtividade\/"]}]},{"@type":"ImageObject","inLanguage":"pt-PT","@id":"https:\/\/www.mcg.pt\/trabalharnamcg\/14-estudos-de-otimizacao-e-normalizacao-de-um-posto-de-trabalho-em-seguranca-ergonomia-e-produtividade\/#primaryimage","url":"https:\/\/www.mcg.pt\/trabalharnamcg\/wp-content\/uploads\/2023\/07\/ambiente.jpg","contentUrl":"https:\/\/www.mcg.pt\/trabalharnamcg\/wp-content\/uploads\/2023\/07\/ambiente.jpg","width":1600,"height":800},{"@type":"BreadcrumbList","@id":"https:\/\/www.mcg.pt\/trabalharnamcg\/14-estudos-de-otimizacao-e-normalizacao-de-um-posto-de-trabalho-em-seguranca-ergonomia-e-produtividade\/#breadcrumb","itemListElement":[{"@type":"ListItem","position":1,"name":"In\u00edcio","item":"https:\/\/www.mcg.pt\/trabalharnamcg\/"},{"@type":"ListItem","position":2,"name":"14. Estudos de Otimiza\u00e7\u00e3o e Normaliza\u00e7\u00e3o de um Posto de Trabalho em Seguran\u00e7a, Ergonomia e Produtividade"}]},{"@type":"WebSite","@id":"https:\/\/www.mcg.pt\/trabalharnamcg\/#website","url":"https:\/\/www.mcg.pt\/trabalharnamcg\/","name":"Trabalhar na MCG","description":"Oportunidades de emprego na MCG","potentialAction":[{"@type":"SearchAction","target":{"@type":"EntryPoint","urlTemplate":"https:\/\/www.mcg.pt\/trabalharnamcg\/?s={search_term_string}"},"query-input":{"@type":"PropertyValueSpecification","valueRequired":true,"valueName":"search_term_string"}}],"inLanguage":"pt-PT"}]}},"_links":{"self":[{"href":"https:\/\/www.mcg.pt\/trabalharnamcg\/wp-json\/wp\/v2\/pages\/2805","targetHints":{"allow":["GET"]}}],"collection":[{"href":"https:\/\/www.mcg.pt\/trabalharnamcg\/wp-json\/wp\/v2\/pages"}],"about":[{"href":"https:\/\/www.mcg.pt\/trabalharnamcg\/wp-json\/wp\/v2\/types\/page"}],"author":[{"embeddable":true,"href":"https:\/\/www.mcg.pt\/trabalharnamcg\/wp-json\/wp\/v2\/users\/2"}],"replies":[{"embeddable":true,"href":"https:\/\/www.mcg.pt\/trabalharnamcg\/wp-json\/wp\/v2\/comments?post=2805"}],"version-history":[{"count":4,"href":"https:\/\/www.mcg.pt\/trabalharnamcg\/wp-json\/wp\/v2\/pages\/2805\/revisions"}],"predecessor-version":[{"id":2809,"href":"https:\/\/www.mcg.pt\/trabalharnamcg\/wp-json\/wp\/v2\/pages\/2805\/revisions\/2809"}],"wp:featuredmedia":[{"embeddable":true,"href":"https:\/\/www.mcg.pt\/trabalharnamcg\/wp-json\/wp\/v2\/media\/1859"}],"wp:attachment":[{"href":"https:\/\/www.mcg.pt\/trabalharnamcg\/wp-json\/wp\/v2\/media?parent=2805"}],"curies":[{"name":"wp","href":"https:\/\/api.w.org\/{rel}","templated":true}]}}