{"id":2891,"date":"2024-10-03T12:29:15","date_gmt":"2024-10-03T12:29:15","guid":{"rendered":"https:\/\/www.mcg.pt\/trabalharnamcg\/?page_id=2891"},"modified":"2024-10-03T12:54:35","modified_gmt":"2024-10-03T12:54:35","slug":"estagios-e-teses-eng-matematica-aplicada","status":"publish","type":"page","link":"https:\/\/www.mcg.pt\/trabalharnamcg\/estagios-e-teses-eng-matematica-aplicada\/","title":{"rendered":"Est\u00e1gios e Teses &#8211; Eng. Matem\u00e1tica Aplicada"},"content":{"rendered":"\t\t<div data-elementor-type=\"wp-page\" data-elementor-id=\"2891\" class=\"elementor elementor-2891\" data-elementor-post-type=\"page\">\n\t\t\t\t\t\t<section class=\"elementor-section elementor-top-section elementor-element elementor-element-3096a131 elementor-section-boxed elementor-section-height-default elementor-section-height-default\" data-id=\"3096a131\" data-element_type=\"section\" data-e-type=\"section\" data-settings=\"{&quot;background_background&quot;:&quot;classic&quot;}\">\n\t\t\t\t\t\t\t<div class=\"elementor-background-overlay\"><\/div>\n\t\t\t\t\t\t\t<div class=\"elementor-container elementor-column-gap-default\">\n\t\t\t\t\t<div class=\"elementor-column elementor-col-100 elementor-top-column elementor-element elementor-element-1e713bae\" data-id=\"1e713bae\" data-element_type=\"column\" data-e-type=\"column\">\n\t\t\t<div class=\"elementor-widget-wrap elementor-element-populated\">\n\t\t\t\t\t\t<div class=\"elementor-element elementor-element-57a5d143 elementor-widget__width-initial elementor-widget elementor-widget-icon-box\" data-id=\"57a5d143\" data-element_type=\"widget\" data-e-type=\"widget\" data-settings=\"{&quot;_animation&quot;:&quot;none&quot;}\" data-widget_type=\"icon-box.default\">\n\t\t\t\t<div class=\"elementor-widget-container\">\n\t\t\t\t\t\t\t<div class=\"elementor-icon-box-wrapper\">\n\n\t\t\t\n\t\t\t\t\t\t<div class=\"elementor-icon-box-content\">\n\n\t\t\t\t\t\t\t\t\t<h1 class=\"elementor-icon-box-title\">\n\t\t\t\t\t\t<span  >\n\t\t\t\t\t\t\tTemas para Teses\t\t\t\t\t\t<\/span>\n\t\t\t\t\t<\/h1>\n\t\t\t\t\n\t\t\t\t\t\t\t\t\t<p class=\"elementor-icon-box-description\">\n\t\t\t\t\t\tTemas para Desenvolvimento de Teses na MCG.\t\t\t\t\t<\/p>\n\t\t\t\t\n\t\t\t<\/div>\n\t\t\t\n\t\t<\/div>\n\t\t\t\t\t\t<\/div>\n\t\t\t\t<\/div>\n\t\t\t\t\t<\/div>\n\t\t<\/div>\n\t\t\t\t\t<\/div>\n\t\t<\/section>\n\t\t\t\t<section class=\"elementor-section elementor-top-section elementor-element elementor-element-44b815d elementor-section-boxed elementor-section-height-default elementor-section-height-default\" data-id=\"44b815d\" data-element_type=\"section\" data-e-type=\"section\">\n\t\t\t\t\t\t<div class=\"elementor-container elementor-column-gap-default\">\n\t\t\t\t\t<div class=\"elementor-column elementor-col-100 elementor-top-column elementor-element elementor-element-6929e50\" data-id=\"6929e50\" data-element_type=\"column\" data-e-type=\"column\">\n\t\t\t<div class=\"elementor-widget-wrap elementor-element-populated\">\n\t\t\t\t\t\t<div class=\"elementor-element elementor-element-b47443c elementor-align-justify elementor-widget__width-auto elementor-widget elementor-widget-button\" data-id=\"b47443c\" data-element_type=\"widget\" data-e-type=\"widget\" data-widget_type=\"button.default\">\n\t\t\t\t<div class=\"elementor-widget-container\">\n\t\t\t\t\t\t\t\t\t<div class=\"elementor-button-wrapper\">\n\t\t\t\t\t<a class=\"elementor-button elementor-button-link elementor-size-sm\" href=\"https:\/\/www.mcg.pt\/trabalharnamcg\/estagios-e-teses\">\n\t\t\t\t\t\t<span class=\"elementor-button-content-wrapper\">\n\t\t\t\t\t\t<span class=\"elementor-button-icon\">\n\t\t\t\t<i aria-hidden=\"true\" class=\"far fa-folder-open\"><\/i>\t\t\t<\/span>\n\t\t\t\t\t\t\t\t\t<span class=\"elementor-button-text\">todos<\/span>\n\t\t\t\t\t<\/span>\n\t\t\t\t\t<\/a>\n\t\t\t\t<\/div>\n\t\t\t\t\t\t\t\t<\/div>\n\t\t\t\t<\/div>\n\t\t\t\t<div class=\"elementor-element elementor-element-72b8c60 elementor-align-justify elementor-widget__width-auto elementor-widget elementor-widget-button\" data-id=\"72b8c60\" data-element_type=\"widget\" data-e-type=\"widget\" data-widget_type=\"button.default\">\n\t\t\t\t<div class=\"elementor-widget-container\">\n\t\t\t\t\t\t\t\t\t<div class=\"elementor-button-wrapper\">\n\t\t\t\t\t<a class=\"elementor-button elementor-button-link elementor-size-sm\" href=\"https:\/\/www.mcg.pt\/trabalharnamcg\/eng-mecanica-e-materiais\/\">\n\t\t\t\t\t\t<span class=\"elementor-button-content-wrapper\">\n\t\t\t\t\t\t<span class=\"elementor-button-icon\">\n\t\t\t\t<i aria-hidden=\"true\" class=\"icon icon-engineer\"><\/i>\t\t\t<\/span>\n\t\t\t\t\t\t\t\t\t<span class=\"elementor-button-text\">e. Mec\u00e2nica \/ materiais<\/span>\n\t\t\t\t\t<\/span>\n\t\t\t\t\t<\/a>\n\t\t\t\t<\/div>\n\t\t\t\t\t\t\t\t<\/div>\n\t\t\t\t<\/div>\n\t\t\t\t<div class=\"elementor-element elementor-element-84f161a elementor-align-justify elementor-widget__width-auto elementor-widget elementor-widget-button\" data-id=\"84f161a\" data-element_type=\"widget\" data-e-type=\"widget\" data-widget_type=\"button.default\">\n\t\t\t\t<div class=\"elementor-widget-container\">\n\t\t\t\t\t\t\t\t\t<div class=\"elementor-button-wrapper\">\n\t\t\t\t\t<a class=\"elementor-button elementor-button-link elementor-size-sm\" href=\"https:\/\/www.mcg.pt\/trabalharnamcg\/eng-qualidade\/\">\n\t\t\t\t\t\t<span class=\"elementor-button-content-wrapper\">\n\t\t\t\t\t\t<span class=\"elementor-button-icon\">\n\t\t\t\t<i aria-hidden=\"true\" class=\"far fa-check-square\"><\/i>\t\t\t<\/span>\n\t\t\t\t\t\t\t\t\t<span class=\"elementor-button-text\">e. qualidade<\/span>\n\t\t\t\t\t<\/span>\n\t\t\t\t\t<\/a>\n\t\t\t\t<\/div>\n\t\t\t\t\t\t\t\t<\/div>\n\t\t\t\t<\/div>\n\t\t\t\t<div class=\"elementor-element elementor-element-508e899 elementor-align-justify elementor-widget__width-auto elementor-widget elementor-widget-button\" data-id=\"508e899\" data-element_type=\"widget\" data-e-type=\"widget\" data-widget_type=\"button.default\">\n\t\t\t\t<div class=\"elementor-widget-container\">\n\t\t\t\t\t\t\t\t\t<div class=\"elementor-button-wrapper\">\n\t\t\t\t\t<a class=\"elementor-button elementor-button-link elementor-size-sm\" href=\"https:\/\/www.mcg.pt\/trabalharnamcg\/eng-gestao-industrial\/\">\n\t\t\t\t\t\t<span class=\"elementor-button-content-wrapper\">\n\t\t\t\t\t\t<span class=\"elementor-button-icon\">\n\t\t\t\t<i aria-hidden=\"true\" class=\"icon icon-factory\"><\/i>\t\t\t<\/span>\n\t\t\t\t\t\t\t\t\t<span class=\"elementor-button-text\">e. gest\u00e3o industrial<\/span>\n\t\t\t\t\t<\/span>\n\t\t\t\t\t<\/a>\n\t\t\t\t<\/div>\n\t\t\t\t\t\t\t\t<\/div>\n\t\t\t\t<\/div>\n\t\t\t\t<div class=\"elementor-element elementor-element-6df0810 elementor-align-justify elementor-widget__width-auto elementor-widget elementor-widget-button\" data-id=\"6df0810\" data-element_type=\"widget\" data-e-type=\"widget\" data-widget_type=\"button.default\">\n\t\t\t\t<div class=\"elementor-widget-container\">\n\t\t\t\t\t\t\t\t\t<div class=\"elementor-button-wrapper\">\n\t\t\t\t\t<a class=\"elementor-button elementor-button-link elementor-size-sm\" href=\"https:\/\/www.mcg.pt\/trabalharnamcg\/estagios-e-teses-eng-matematica-aplicada\/\">\n\t\t\t\t\t\t<span class=\"elementor-button-content-wrapper\">\n\t\t\t\t\t\t<span class=\"elementor-button-icon\">\n\t\t\t\t<i aria-hidden=\"true\" class=\"icon icon-stats-3\"><\/i>\t\t\t<\/span>\n\t\t\t\t\t\t\t\t\t<span class=\"elementor-button-text\">e. matem\u00e1tica aplicada<\/span>\n\t\t\t\t\t<\/span>\n\t\t\t\t\t<\/a>\n\t\t\t\t<\/div>\n\t\t\t\t\t\t\t\t<\/div>\n\t\t\t\t<\/div>\n\t\t\t\t<div class=\"elementor-element elementor-element-f21b544 elementor-align-justify elementor-widget__width-auto elementor-widget elementor-widget-button\" data-id=\"f21b544\" data-element_type=\"widget\" data-e-type=\"widget\" data-widget_type=\"button.default\">\n\t\t\t\t<div class=\"elementor-widget-container\">\n\t\t\t\t\t\t\t\t\t<div class=\"elementor-button-wrapper\">\n\t\t\t\t\t<a class=\"elementor-button elementor-button-link elementor-size-sm\" href=\"https:\/\/www.mcg.pt\/trabalharnamcg\/recursos-humanos\/\">\n\t\t\t\t\t\t<span class=\"elementor-button-content-wrapper\">\n\t\t\t\t\t\t<span class=\"elementor-button-icon\">\n\t\t\t\t<i aria-hidden=\"true\" class=\"fas fa-people-arrows\"><\/i>\t\t\t<\/span>\n\t\t\t\t\t\t\t\t\t<span class=\"elementor-button-text\">rh<\/span>\n\t\t\t\t\t<\/span>\n\t\t\t\t\t<\/a>\n\t\t\t\t<\/div>\n\t\t\t\t\t\t\t\t<\/div>\n\t\t\t\t<\/div>\n\t\t\t\t<section class=\"elementor-section elementor-inner-section elementor-element elementor-element-9635ab3 elementor-section-boxed elementor-section-height-default elementor-section-height-default elementor-invisible\" data-id=\"9635ab3\" data-element_type=\"section\" data-e-type=\"section\" data-settings=\"{&quot;animation&quot;:&quot;fadeIn&quot;,&quot;animation_delay&quot;:200}\">\n\t\t\t\t\t\t<div class=\"elementor-container elementor-column-gap-default\">\n\t\t\t\t\t<div class=\"elementor-column elementor-col-100 elementor-inner-column elementor-element elementor-element-94dd264\" data-id=\"94dd264\" data-element_type=\"column\" data-e-type=\"column\" data-settings=\"{&quot;background_background&quot;:&quot;classic&quot;}\">\n\t\t\t<div class=\"elementor-widget-wrap elementor-element-populated\">\n\t\t\t\t\t\t<div class=\"elementor-element elementor-element-c5ef583 elementor-widget__width-auto elementor-absolute elementor-list-item-link-full_width elementor-widget elementor-widget-icon-list\" data-id=\"c5ef583\" data-element_type=\"widget\" data-e-type=\"widget\" data-settings=\"{&quot;_position&quot;:&quot;absolute&quot;}\" data-widget_type=\"icon-list.default\">\n\t\t\t\t<div class=\"elementor-widget-container\">\n\t\t\t\t\t\t\t<ul class=\"elementor-icon-list-items\">\n\t\t\t\t\t\t\t<li class=\"elementor-icon-list-item\">\n\t\t\t\t\t\t\t\t\t\t\t<a href=\"http:\/\/QUALIDADE\">\n\n\t\t\t\t\t\t\t\t\t\t\t\t<span class=\"elementor-icon-list-icon\">\n\t\t\t\t\t\t\t<i aria-hidden=\"true\" class=\"icon icon-stats-3\"><\/i>\t\t\t\t\t\t<\/span>\n\t\t\t\t\t\t\t\t\t\t<span class=\"elementor-icon-list-text\">ENG. MATEM\u00c1TICA APLICADA<\/span>\n\t\t\t\t\t\t\t\t\t\t\t<\/a>\n\t\t\t\t\t\t\t\t\t<\/li>\n\t\t\t\t\t\t<\/ul>\n\t\t\t\t\t\t<\/div>\n\t\t\t\t<\/div>\n\t\t\t\t<div class=\"elementor-element elementor-element-d566d50 elementor-widget-divider--view-line elementor-widget elementor-widget-divider\" data-id=\"d566d50\" data-element_type=\"widget\" data-e-type=\"widget\" data-widget_type=\"divider.default\">\n\t\t\t\t<div class=\"elementor-widget-container\">\n\t\t\t\t\t\t\t<div class=\"elementor-divider\">\n\t\t\t<span class=\"elementor-divider-separator\">\n\t\t\t\t\t\t<\/span>\n\t\t<\/div>\n\t\t\t\t\t\t<\/div>\n\t\t\t\t<\/div>\n\t\t\t\t<div class=\"elementor-element elementor-element-af46097 elementor-widget elementor-widget-heading\" data-id=\"af46097\" data-element_type=\"widget\" data-e-type=\"widget\" data-widget_type=\"heading.default\">\n\t\t\t\t<div class=\"elementor-widget-container\">\n\t\t\t\t\t<h4 class=\"elementor-heading-title elementor-size-default\"><a href=\"https:\/\/www.mcg.pt\/trabalharnamcg\/18-avaliacao-da-qualidade-da-maquinacao-cnc-e-condicao-da-fresa-atraves-da-monitorizacao-de-vibracoes-no-conjunto-cnc-jig\/\">18. Avalia\u00e7\u00e3o da Qualidade da Maquina\u00e7\u00e3o CNC e Condi\u00e7\u00e3o da Fresa Atrav\u00e9s da Monitoriza\u00e7\u00e3o de Vibra\u00e7\u00f5es no Conjunto CNC-Jig<\/a><\/h4>\t\t\t\t<\/div>\n\t\t\t\t<\/div>\n\t\t\t\t<div class=\"elementor-element elementor-element-29ad7ca elementor-align-justify elementor-widget__width-inherit elementor-widget elementor-widget-button\" data-id=\"29ad7ca\" data-element_type=\"widget\" data-e-type=\"widget\" data-widget_type=\"button.default\">\n\t\t\t\t<div class=\"elementor-widget-container\">\n\t\t\t\t\t\t\t\t\t<div class=\"elementor-button-wrapper\">\n\t\t\t\t\t<a class=\"elementor-button elementor-button-link elementor-size-sm\" href=\"https:\/\/www.mcg.pt\/trabalharnamcg\/18-avaliacao-da-qualidade-da-maquinacao-cnc-e-condicao-da-fresa-atraves-da-monitorizacao-de-vibracoes-no-conjunto-cnc-jig\/\">\n\t\t\t\t\t\t<span class=\"elementor-button-content-wrapper\">\n\t\t\t\t\t\t\t\t\t<span class=\"elementor-button-text\">Ver mais<\/span>\n\t\t\t\t\t<\/span>\n\t\t\t\t\t<\/a>\n\t\t\t\t<\/div>\n\t\t\t\t\t\t\t\t<\/div>\n\t\t\t\t<\/div>\n\t\t\t\t\t<\/div>\n\t\t<\/div>\n\t\t\t\t\t<\/div>\n\t\t<\/section>\n\t\t\t\t\t<\/div>\n\t\t<\/div>\n\t\t\t\t\t<\/div>\n\t\t<\/section>\n\t\t\t\t<section class=\"elementor-section elementor-top-section elementor-element elementor-element-bde3a0 elementor-section-boxed elementor-section-height-default elementor-section-height-default\" data-id=\"bde3a0\" data-element_type=\"section\" data-e-type=\"section\" data-settings=\"{&quot;animation&quot;:&quot;none&quot;}\">\n\t\t\t\t\t\t<div class=\"elementor-container elementor-column-gap-default\">\n\t\t\t\t\t<div class=\"elementor-column elementor-col-100 elementor-top-column elementor-element elementor-element-3e0c64d5\" data-id=\"3e0c64d5\" data-element_type=\"column\" data-e-type=\"column\">\n\t\t\t<div class=\"elementor-widget-wrap elementor-element-populated\">\n\t\t\t\t\t\t<section class=\"elementor-section elementor-inner-section elementor-element elementor-element-f35df61 elementor-section-boxed elementor-section-height-default elementor-section-height-default elementor-invisible\" data-id=\"f35df61\" data-element_type=\"section\" data-e-type=\"section\" data-settings=\"{&quot;animation&quot;:&quot;fadeIn&quot;,&quot;animation_delay&quot;:200}\">\n\t\t\t\t\t\t<div class=\"elementor-container elementor-column-gap-default\">\n\t\t\t\t\t<div class=\"elementor-column elementor-col-100 elementor-inner-column elementor-element elementor-element-4fed185\" data-id=\"4fed185\" data-element_type=\"column\" data-e-type=\"column\">\n\t\t\t<div class=\"elementor-widget-wrap\">\n\t\t\t\t\t\t\t<\/div>\n\t\t<\/div>\n\t\t\t\t\t<\/div>\n\t\t<\/section>\n\t\t\t\t\t<\/div>\n\t\t<\/div>\n\t\t\t\t\t<\/div>\n\t\t<\/section>\n\t\t\t\t<\/div>\n\t\t","protected":false},"excerpt":{"rendered":"<p>Temas para Teses Temas para Desenvolvimento de Teses na MCG. todos e. Mec\u00e2nica \/ materiais e. qualidade e. gest\u00e3o industrial e. matem\u00e1tica aplicada rh ENG. MATEM\u00c1TICA APLICADA 18. Avalia\u00e7\u00e3o da Qualidade da Maquina\u00e7\u00e3o CNC e Condi\u00e7\u00e3o da Fresa Atrav\u00e9s da Monitoriza\u00e7\u00e3o de Vibra\u00e7\u00f5es no Conjunto CNC-Jig Ver mais<\/p>\n","protected":false},"author":2,"featured_media":1859,"parent":0,"menu_order":0,"comment_status":"closed","ping_status":"closed","template":"elementor_header_footer","meta":{"footnotes":""},"class_list":["post-2891","page","type-page","status-publish","has-post-thumbnail","hentry"],"yoast_head":"<!-- This site is optimized with the Yoast SEO plugin v27.4 - https:\/\/yoast.com\/product\/yoast-seo-wordpress\/ -->\n<title>Est\u00e1gios e Teses - Eng. Matem\u00e1tica Aplicada - Trabalhar na MCG<\/title>\n<meta name=\"robots\" content=\"index, follow, max-snippet:-1, max-image-preview:large, max-video-preview:-1\" \/>\n<link rel=\"canonical\" href=\"https:\/\/www.mcg.pt\/trabalharnamcg\/estagios-e-teses-eng-matematica-aplicada\/\" \/>\n<meta property=\"og:locale\" content=\"pt_PT\" \/>\n<meta property=\"og:type\" content=\"article\" \/>\n<meta property=\"og:title\" content=\"Est\u00e1gios e Teses - Eng. Matem\u00e1tica Aplicada - Trabalhar na MCG\" \/>\n<meta property=\"og:description\" content=\"Temas para Teses Temas para Desenvolvimento de Teses na MCG. todos e. Mec\u00e2nica \/ materiais e. qualidade e. gest\u00e3o industrial e. matem\u00e1tica aplicada rh ENG. MATEM\u00c1TICA APLICADA 18. Avalia\u00e7\u00e3o da Qualidade da Maquina\u00e7\u00e3o CNC e Condi\u00e7\u00e3o da Fresa Atrav\u00e9s da Monitoriza\u00e7\u00e3o de Vibra\u00e7\u00f5es no Conjunto CNC-Jig Ver mais\" \/>\n<meta property=\"og:url\" content=\"https:\/\/www.mcg.pt\/trabalharnamcg\/estagios-e-teses-eng-matematica-aplicada\/\" \/>\n<meta property=\"og:site_name\" content=\"Trabalhar na MCG\" \/>\n<meta property=\"article:modified_time\" content=\"2024-10-03T12:54:35+00:00\" \/>\n<meta property=\"og:image\" content=\"https:\/\/www.mcg.pt\/trabalharnamcg\/wp-content\/uploads\/2023\/07\/ambiente.jpg\" \/>\n\t<meta property=\"og:image:width\" content=\"1600\" \/>\n\t<meta property=\"og:image:height\" content=\"800\" \/>\n\t<meta property=\"og:image:type\" content=\"image\/jpeg\" \/>\n<meta name=\"twitter:card\" content=\"summary_large_image\" \/>\n<meta name=\"twitter:label1\" content=\"Tempo estimado de leitura\" \/>\n\t<meta name=\"twitter:data1\" content=\"1 minuto\" \/>\n<script type=\"application\/ld+json\" class=\"yoast-schema-graph\">{\"@context\":\"https:\\\/\\\/schema.org\",\"@graph\":[{\"@type\":\"WebPage\",\"@id\":\"https:\\\/\\\/www.mcg.pt\\\/trabalharnamcg\\\/estagios-e-teses-eng-matematica-aplicada\\\/\",\"url\":\"https:\\\/\\\/www.mcg.pt\\\/trabalharnamcg\\\/estagios-e-teses-eng-matematica-aplicada\\\/\",\"name\":\"Est\u00e1gios e Teses - Eng. Matem\u00e1tica Aplicada - Trabalhar na MCG\",\"isPartOf\":{\"@id\":\"https:\\\/\\\/www.mcg.pt\\\/trabalharnamcg\\\/#website\"},\"primaryImageOfPage\":{\"@id\":\"https:\\\/\\\/www.mcg.pt\\\/trabalharnamcg\\\/estagios-e-teses-eng-matematica-aplicada\\\/#primaryimage\"},\"image\":{\"@id\":\"https:\\\/\\\/www.mcg.pt\\\/trabalharnamcg\\\/estagios-e-teses-eng-matematica-aplicada\\\/#primaryimage\"},\"thumbnailUrl\":\"https:\\\/\\\/www.mcg.pt\\\/trabalharnamcg\\\/wp-content\\\/uploads\\\/2023\\\/07\\\/ambiente.jpg\",\"datePublished\":\"2024-10-03T12:29:15+00:00\",\"dateModified\":\"2024-10-03T12:54:35+00:00\",\"breadcrumb\":{\"@id\":\"https:\\\/\\\/www.mcg.pt\\\/trabalharnamcg\\\/estagios-e-teses-eng-matematica-aplicada\\\/#breadcrumb\"},\"inLanguage\":\"pt-PT\",\"potentialAction\":[{\"@type\":\"ReadAction\",\"target\":[\"https:\\\/\\\/www.mcg.pt\\\/trabalharnamcg\\\/estagios-e-teses-eng-matematica-aplicada\\\/\"]}]},{\"@type\":\"ImageObject\",\"inLanguage\":\"pt-PT\",\"@id\":\"https:\\\/\\\/www.mcg.pt\\\/trabalharnamcg\\\/estagios-e-teses-eng-matematica-aplicada\\\/#primaryimage\",\"url\":\"https:\\\/\\\/www.mcg.pt\\\/trabalharnamcg\\\/wp-content\\\/uploads\\\/2023\\\/07\\\/ambiente.jpg\",\"contentUrl\":\"https:\\\/\\\/www.mcg.pt\\\/trabalharnamcg\\\/wp-content\\\/uploads\\\/2023\\\/07\\\/ambiente.jpg\",\"width\":1600,\"height\":800},{\"@type\":\"BreadcrumbList\",\"@id\":\"https:\\\/\\\/www.mcg.pt\\\/trabalharnamcg\\\/estagios-e-teses-eng-matematica-aplicada\\\/#breadcrumb\",\"itemListElement\":[{\"@type\":\"ListItem\",\"position\":1,\"name\":\"In\u00edcio\",\"item\":\"https:\\\/\\\/www.mcg.pt\\\/trabalharnamcg\\\/\"},{\"@type\":\"ListItem\",\"position\":2,\"name\":\"Est\u00e1gios e Teses &#8211; Eng. Matem\u00e1tica Aplicada\"}]},{\"@type\":\"WebSite\",\"@id\":\"https:\\\/\\\/www.mcg.pt\\\/trabalharnamcg\\\/#website\",\"url\":\"https:\\\/\\\/www.mcg.pt\\\/trabalharnamcg\\\/\",\"name\":\"Trabalhar na MCG\",\"description\":\"Oportunidades de emprego na MCG\",\"potentialAction\":[{\"@type\":\"SearchAction\",\"target\":{\"@type\":\"EntryPoint\",\"urlTemplate\":\"https:\\\/\\\/www.mcg.pt\\\/trabalharnamcg\\\/?s={search_term_string}\"},\"query-input\":{\"@type\":\"PropertyValueSpecification\",\"valueRequired\":true,\"valueName\":\"search_term_string\"}}],\"inLanguage\":\"pt-PT\"}]}<\/script>\n<!-- \/ Yoast SEO plugin. -->","yoast_head_json":{"title":"Est\u00e1gios e Teses - Eng. Matem\u00e1tica Aplicada - Trabalhar na MCG","robots":{"index":"index","follow":"follow","max-snippet":"max-snippet:-1","max-image-preview":"max-image-preview:large","max-video-preview":"max-video-preview:-1"},"canonical":"https:\/\/www.mcg.pt\/trabalharnamcg\/estagios-e-teses-eng-matematica-aplicada\/","og_locale":"pt_PT","og_type":"article","og_title":"Est\u00e1gios e Teses - Eng. Matem\u00e1tica Aplicada - Trabalhar na MCG","og_description":"Temas para Teses Temas para Desenvolvimento de Teses na MCG. todos e. Mec\u00e2nica \/ materiais e. qualidade e. gest\u00e3o industrial e. matem\u00e1tica aplicada rh ENG. MATEM\u00c1TICA APLICADA 18. Avalia\u00e7\u00e3o da Qualidade da Maquina\u00e7\u00e3o CNC e Condi\u00e7\u00e3o da Fresa Atrav\u00e9s da Monitoriza\u00e7\u00e3o de Vibra\u00e7\u00f5es no Conjunto CNC-Jig Ver mais","og_url":"https:\/\/www.mcg.pt\/trabalharnamcg\/estagios-e-teses-eng-matematica-aplicada\/","og_site_name":"Trabalhar na MCG","article_modified_time":"2024-10-03T12:54:35+00:00","og_image":[{"width":1600,"height":800,"url":"https:\/\/www.mcg.pt\/trabalharnamcg\/wp-content\/uploads\/2023\/07\/ambiente.jpg","type":"image\/jpeg"}],"twitter_card":"summary_large_image","twitter_misc":{"Tempo estimado de leitura":"1 minuto"},"schema":{"@context":"https:\/\/schema.org","@graph":[{"@type":"WebPage","@id":"https:\/\/www.mcg.pt\/trabalharnamcg\/estagios-e-teses-eng-matematica-aplicada\/","url":"https:\/\/www.mcg.pt\/trabalharnamcg\/estagios-e-teses-eng-matematica-aplicada\/","name":"Est\u00e1gios e Teses - Eng. Matem\u00e1tica Aplicada - Trabalhar na MCG","isPartOf":{"@id":"https:\/\/www.mcg.pt\/trabalharnamcg\/#website"},"primaryImageOfPage":{"@id":"https:\/\/www.mcg.pt\/trabalharnamcg\/estagios-e-teses-eng-matematica-aplicada\/#primaryimage"},"image":{"@id":"https:\/\/www.mcg.pt\/trabalharnamcg\/estagios-e-teses-eng-matematica-aplicada\/#primaryimage"},"thumbnailUrl":"https:\/\/www.mcg.pt\/trabalharnamcg\/wp-content\/uploads\/2023\/07\/ambiente.jpg","datePublished":"2024-10-03T12:29:15+00:00","dateModified":"2024-10-03T12:54:35+00:00","breadcrumb":{"@id":"https:\/\/www.mcg.pt\/trabalharnamcg\/estagios-e-teses-eng-matematica-aplicada\/#breadcrumb"},"inLanguage":"pt-PT","potentialAction":[{"@type":"ReadAction","target":["https:\/\/www.mcg.pt\/trabalharnamcg\/estagios-e-teses-eng-matematica-aplicada\/"]}]},{"@type":"ImageObject","inLanguage":"pt-PT","@id":"https:\/\/www.mcg.pt\/trabalharnamcg\/estagios-e-teses-eng-matematica-aplicada\/#primaryimage","url":"https:\/\/www.mcg.pt\/trabalharnamcg\/wp-content\/uploads\/2023\/07\/ambiente.jpg","contentUrl":"https:\/\/www.mcg.pt\/trabalharnamcg\/wp-content\/uploads\/2023\/07\/ambiente.jpg","width":1600,"height":800},{"@type":"BreadcrumbList","@id":"https:\/\/www.mcg.pt\/trabalharnamcg\/estagios-e-teses-eng-matematica-aplicada\/#breadcrumb","itemListElement":[{"@type":"ListItem","position":1,"name":"In\u00edcio","item":"https:\/\/www.mcg.pt\/trabalharnamcg\/"},{"@type":"ListItem","position":2,"name":"Est\u00e1gios e Teses &#8211; Eng. Matem\u00e1tica Aplicada"}]},{"@type":"WebSite","@id":"https:\/\/www.mcg.pt\/trabalharnamcg\/#website","url":"https:\/\/www.mcg.pt\/trabalharnamcg\/","name":"Trabalhar na MCG","description":"Oportunidades de emprego na MCG","potentialAction":[{"@type":"SearchAction","target":{"@type":"EntryPoint","urlTemplate":"https:\/\/www.mcg.pt\/trabalharnamcg\/?s={search_term_string}"},"query-input":{"@type":"PropertyValueSpecification","valueRequired":true,"valueName":"search_term_string"}}],"inLanguage":"pt-PT"}]}},"_links":{"self":[{"href":"https:\/\/www.mcg.pt\/trabalharnamcg\/wp-json\/wp\/v2\/pages\/2891","targetHints":{"allow":["GET"]}}],"collection":[{"href":"https:\/\/www.mcg.pt\/trabalharnamcg\/wp-json\/wp\/v2\/pages"}],"about":[{"href":"https:\/\/www.mcg.pt\/trabalharnamcg\/wp-json\/wp\/v2\/types\/page"}],"author":[{"embeddable":true,"href":"https:\/\/www.mcg.pt\/trabalharnamcg\/wp-json\/wp\/v2\/users\/2"}],"replies":[{"embeddable":true,"href":"https:\/\/www.mcg.pt\/trabalharnamcg\/wp-json\/wp\/v2\/comments?post=2891"}],"version-history":[{"count":19,"href":"https:\/\/www.mcg.pt\/trabalharnamcg\/wp-json\/wp\/v2\/pages\/2891\/revisions"}],"predecessor-version":[{"id":2965,"href":"https:\/\/www.mcg.pt\/trabalharnamcg\/wp-json\/wp\/v2\/pages\/2891\/revisions\/2965"}],"wp:featuredmedia":[{"embeddable":true,"href":"https:\/\/www.mcg.pt\/trabalharnamcg\/wp-json\/wp\/v2\/media\/1859"}],"wp:attachment":[{"href":"https:\/\/www.mcg.pt\/trabalharnamcg\/wp-json\/wp\/v2\/media?parent=2891"}],"curies":[{"name":"wp","href":"https:\/\/api.w.org\/{rel}","templated":true}]}}