{"id":3286,"date":"2025-11-25T17:19:21","date_gmt":"2025-11-25T17:19:21","guid":{"rendered":"https:\/\/www.mcg.pt\/trabalharnamcg\/?page_id=3286"},"modified":"2026-04-15T15:40:21","modified_gmt":"2026-04-15T15:40:21","slug":"vendas","status":"publish","type":"page","link":"https:\/\/www.mcg.pt\/trabalharnamcg\/oportunidades\/vendas\/","title":{"rendered":"Vendas"},"content":{"rendered":"\t\t<div data-elementor-type=\"wp-page\" data-elementor-id=\"3286\" class=\"elementor elementor-3286\" data-elementor-post-type=\"page\">\n\t\t\t\t\t\t<section class=\"elementor-section elementor-top-section elementor-element elementor-element-3096a131 elementor-section-boxed elementor-section-height-default elementor-section-height-default\" data-id=\"3096a131\" data-element_type=\"section\" data-e-type=\"section\" data-settings=\"{&quot;background_background&quot;:&quot;classic&quot;}\">\n\t\t\t\t\t\t\t<div class=\"elementor-background-overlay\"><\/div>\n\t\t\t\t\t\t\t<div class=\"elementor-container elementor-column-gap-default\">\n\t\t\t\t\t<div class=\"elementor-column elementor-col-100 elementor-top-column elementor-element elementor-element-1e713bae\" data-id=\"1e713bae\" data-element_type=\"column\" data-e-type=\"column\">\n\t\t\t<div class=\"elementor-widget-wrap elementor-element-populated\">\n\t\t\t\t\t\t<div class=\"elementor-element elementor-element-57a5d143 elementor-widget__width-initial elementor-widget elementor-widget-icon-box\" data-id=\"57a5d143\" data-element_type=\"widget\" data-e-type=\"widget\" data-settings=\"{&quot;_animation&quot;:&quot;none&quot;}\" data-widget_type=\"icon-box.default\">\n\t\t\t\t<div class=\"elementor-widget-container\">\n\t\t\t\t\t\t\t<div class=\"elementor-icon-box-wrapper\">\n\n\t\t\t\n\t\t\t\t\t\t<div class=\"elementor-icon-box-content\">\n\n\t\t\t\t\t\t\t\t\t<h1 class=\"elementor-icon-box-title\">\n\t\t\t\t\t\t<span  >\n\t\t\t\t\t\t\tOportunidades\t\t\t\t\t\t<\/span>\n\t\t\t\t\t<\/h1>\n\t\t\t\t\n\t\t\t\t\t\t\t\t\t<p class=\"elementor-icon-box-description\">\n\t\t\t\t\t\tOs processos de recrutamento de momento em aberto na MCG.\t\t\t\t\t<\/p>\n\t\t\t\t\n\t\t\t<\/div>\n\t\t\t\n\t\t<\/div>\n\t\t\t\t\t\t<\/div>\n\t\t\t\t<\/div>\n\t\t\t\t<div class=\"elementor-element elementor-element-f35132f elementor-widget__width-initial elementor-search-form--skin-classic elementor-search-form--button-type-icon elementor-search-form--icon-search elementor-widget elementor-widget-search-form\" data-id=\"f35132f\" data-element_type=\"widget\" data-e-type=\"widget\" data-settings=\"{&quot;_animation&quot;:&quot;none&quot;,&quot;skin&quot;:&quot;classic&quot;}\" data-widget_type=\"search-form.default\">\n\t\t\t\t<div class=\"elementor-widget-container\">\n\t\t\t\t\t\t\t<search role=\"search\">\n\t\t\t<form class=\"elementor-search-form\" action=\"https:\/\/www.mcg.pt\/trabalharnamcg\" method=\"get\">\n\t\t\t\t\t\t\t\t\t\t\t\t<div class=\"elementor-search-form__container\">\n\t\t\t\t\t<label class=\"elementor-screen-only\" for=\"elementor-search-form-f35132f\">Procurar<\/label>\n\n\t\t\t\t\t\n\t\t\t\t\t<input id=\"elementor-search-form-f35132f\" placeholder=\"Pesquisar oportunidades...\" class=\"elementor-search-form__input\" type=\"search\" name=\"s\" value=\"\">\n\t\t\t\t\t\n\t\t\t\t\t\t\t\t\t\t\t<button class=\"elementor-search-form__submit\" type=\"submit\" aria-label=\"Procurar\">\n\t\t\t\t\t\t\t\t\t\t\t\t\t\t\t<i aria-hidden=\"true\" class=\"fas fa-search\"><\/i>\t\t\t\t\t\t\t\t\t\t\t\t\t<\/button>\n\t\t\t\t\t\n\t\t\t\t\t\t\t\t\t<\/div>\n\t\t\t<\/form>\n\t\t<\/search>\n\t\t\t\t\t\t<\/div>\n\t\t\t\t<\/div>\n\t\t\t\t\t<\/div>\n\t\t<\/div>\n\t\t\t\t\t<\/div>\n\t\t<\/section>\n\t\t\t\t<section class=\"elementor-section elementor-top-section elementor-element elementor-element-44b815d elementor-section-boxed elementor-section-height-default elementor-section-height-default\" data-id=\"44b815d\" data-element_type=\"section\" data-e-type=\"section\">\n\t\t\t\t\t\t<div class=\"elementor-container elementor-column-gap-default\">\n\t\t\t\t\t<div class=\"elementor-column elementor-col-100 elementor-top-column elementor-element elementor-element-6929e50\" data-id=\"6929e50\" data-element_type=\"column\" data-e-type=\"column\">\n\t\t\t<div class=\"elementor-widget-wrap elementor-element-populated\">\n\t\t\t\t\t\t<div class=\"elementor-element elementor-element-b47443c elementor-align-justify elementor-widget__width-auto elementor-widget elementor-widget-button\" data-id=\"b47443c\" data-element_type=\"widget\" data-e-type=\"widget\" data-widget_type=\"button.default\">\n\t\t\t\t<div class=\"elementor-widget-container\">\n\t\t\t\t\t\t\t\t\t<div class=\"elementor-button-wrapper\">\n\t\t\t\t\t<a class=\"elementor-button elementor-button-link elementor-size-sm\" href=\"https:\/\/www.mcg.pt\/trabalharnamcg\/oportunidades\/\">\n\t\t\t\t\t\t<span class=\"elementor-button-content-wrapper\">\n\t\t\t\t\t\t<span class=\"elementor-button-icon\">\n\t\t\t\t<i aria-hidden=\"true\" class=\"far fa-folder-open\"><\/i>\t\t\t<\/span>\n\t\t\t\t\t\t\t\t\t<span class=\"elementor-button-text\">todas as \u00e1reas<\/span>\n\t\t\t\t\t<\/span>\n\t\t\t\t\t<\/a>\n\t\t\t\t<\/div>\n\t\t\t\t\t\t\t\t<\/div>\n\t\t\t\t<\/div>\n\t\t\t\t<div class=\"elementor-element elementor-element-72b8c60 elementor-align-justify elementor-widget__width-auto elementor-widget elementor-widget-button\" data-id=\"72b8c60\" data-element_type=\"widget\" data-e-type=\"widget\" data-widget_type=\"button.default\">\n\t\t\t\t<div class=\"elementor-widget-container\">\n\t\t\t\t\t\t\t\t\t<div class=\"elementor-button-wrapper\">\n\t\t\t\t\t<a class=\"elementor-button elementor-button-link elementor-size-sm\" href=\"https:\/\/www.mcg.pt\/trabalharnamcg\/oportunidades\/engenharia\">\n\t\t\t\t\t\t<span class=\"elementor-button-content-wrapper\">\n\t\t\t\t\t\t<span class=\"elementor-button-icon\">\n\t\t\t\t<i aria-hidden=\"true\" class=\"icon icon-engineer\"><\/i>\t\t\t<\/span>\n\t\t\t\t\t\t\t\t\t<span class=\"elementor-button-text\">engenharia<\/span>\n\t\t\t\t\t<\/span>\n\t\t\t\t\t<\/a>\n\t\t\t\t<\/div>\n\t\t\t\t\t\t\t\t<\/div>\n\t\t\t\t<\/div>\n\t\t\t\t<div class=\"elementor-element elementor-element-508e899 elementor-align-justify elementor-widget__width-auto elementor-widget elementor-widget-button\" data-id=\"508e899\" data-element_type=\"widget\" data-e-type=\"widget\" data-widget_type=\"button.default\">\n\t\t\t\t<div class=\"elementor-widget-container\">\n\t\t\t\t\t\t\t\t\t<div class=\"elementor-button-wrapper\">\n\t\t\t\t\t<a class=\"elementor-button elementor-button-link elementor-size-sm\" href=\"https:\/\/www.mcg.pt\/trabalharnamcg\/oportunidades\/producao\">\n\t\t\t\t\t\t<span class=\"elementor-button-content-wrapper\">\n\t\t\t\t\t\t<span class=\"elementor-button-icon\">\n\t\t\t\t<i aria-hidden=\"true\" class=\"icon icon-factory\"><\/i>\t\t\t<\/span>\n\t\t\t\t\t\t\t\t\t<span class=\"elementor-button-text\">Produ\u00e7\u00e3o<\/span>\n\t\t\t\t\t<\/span>\n\t\t\t\t\t<\/a>\n\t\t\t\t<\/div>\n\t\t\t\t\t\t\t\t<\/div>\n\t\t\t\t<\/div>\n\t\t\t\t<div class=\"elementor-element elementor-element-750c222 elementor-align-justify elementor-widget__width-auto elementor-widget elementor-widget-button\" data-id=\"750c222\" data-element_type=\"widget\" data-e-type=\"widget\" data-widget_type=\"button.default\">\n\t\t\t\t<div class=\"elementor-widget-container\">\n\t\t\t\t\t\t\t\t\t<div class=\"elementor-button-wrapper\">\n\t\t\t\t\t<a class=\"elementor-button elementor-button-link elementor-size-sm\" href=\"https:\/\/www.mcg.pt\/trabalharnamcg\/oportunidades\/logistica\">\n\t\t\t\t\t\t<span class=\"elementor-button-content-wrapper\">\n\t\t\t\t\t\t<span class=\"elementor-button-icon\">\n\t\t\t\t<i aria-hidden=\"true\" class=\"icon icon-arrows\"><\/i>\t\t\t<\/span>\n\t\t\t\t\t\t\t\t\t<span class=\"elementor-button-text\">log\u00edstica<\/span>\n\t\t\t\t\t<\/span>\n\t\t\t\t\t<\/a>\n\t\t\t\t<\/div>\n\t\t\t\t\t\t\t\t<\/div>\n\t\t\t\t<\/div>\n\t\t\t\t<div class=\"elementor-element elementor-element-14c4552 elementor-align-justify elementor-widget__width-auto elementor-widget elementor-widget-button\" data-id=\"14c4552\" data-element_type=\"widget\" data-e-type=\"widget\" data-widget_type=\"button.default\">\n\t\t\t\t<div class=\"elementor-widget-container\">\n\t\t\t\t\t\t\t\t\t<div class=\"elementor-button-wrapper\">\n\t\t\t\t\t<a class=\"elementor-button elementor-button-link elementor-size-sm\" href=\"https:\/\/www.mcg.pt\/trabalharnamcg\/oportunidades\/logistica\">\n\t\t\t\t\t\t<span class=\"elementor-button-content-wrapper\">\n\t\t\t\t\t\t<span class=\"elementor-button-icon\">\n\t\t\t\t<i aria-hidden=\"true\" class=\"far fa-handshake\"><\/i>\t\t\t<\/span>\n\t\t\t\t\t\t\t\t\t<span class=\"elementor-button-text\">vendas<\/span>\n\t\t\t\t\t<\/span>\n\t\t\t\t\t<\/a>\n\t\t\t\t<\/div>\n\t\t\t\t\t\t\t\t<\/div>\n\t\t\t\t<\/div>\n\t\t\t\t\t<\/div>\n\t\t<\/div>\n\t\t\t\t\t<\/div>\n\t\t<\/section>\n\t\t\t\t<section class=\"elementor-section elementor-top-section elementor-element elementor-element-bde3a0 elementor-section-full_width elementor-section-height-default elementor-section-height-default\" data-id=\"bde3a0\" data-element_type=\"section\" data-e-type=\"section\" data-settings=\"{&quot;animation&quot;:&quot;none&quot;}\">\n\t\t\t\t\t\t<div class=\"elementor-container elementor-column-gap-default\">\n\t\t\t\t\t<div class=\"elementor-column elementor-col-100 elementor-top-column elementor-element elementor-element-3e0c64d5\" data-id=\"3e0c64d5\" data-element_type=\"column\" data-e-type=\"column\">\n\t\t\t<div class=\"elementor-widget-wrap elementor-element-populated\">\n\t\t\t\t\t\t<section class=\"elementor-section elementor-inner-section elementor-element elementor-element-f08005e elementor-section-boxed elementor-section-height-default elementor-section-height-default elementor-invisible\" data-id=\"f08005e\" data-element_type=\"section\" data-e-type=\"section\" data-settings=\"{&quot;animation&quot;:&quot;fadeIn&quot;,&quot;animation_delay&quot;:200}\">\n\t\t\t\t\t\t<div class=\"elementor-container elementor-column-gap-default\">\n\t\t\t\t\t<div class=\"elementor-column elementor-col-100 elementor-inner-column elementor-element elementor-element-17b2531\" data-id=\"17b2531\" data-element_type=\"column\" data-e-type=\"column\">\n\t\t\t<div class=\"elementor-widget-wrap elementor-element-populated\">\n\t\t\t\t\t\t<div class=\"elementor-element elementor-element-6ed2991 elementor-widget elementor-widget-text-editor\" data-id=\"6ed2991\" data-element_type=\"widget\" data-e-type=\"widget\" data-widget_type=\"text-editor.default\">\n\t\t\t\t<div class=\"elementor-widget-container\">\n\t\t\t\t\t\t\t\t\t<p>Esta \u00e1rea n\u00e3o tem de momento oportunidades em aberto.<\/p>\t\t\t\t\t\t\t\t<\/div>\n\t\t\t\t<\/div>\n\t\t\t\t\t<\/div>\n\t\t<\/div>\n\t\t\t\t\t<\/div>\n\t\t<\/section>\n\t\t\t\t\t<\/div>\n\t\t<\/div>\n\t\t\t\t\t<\/div>\n\t\t<\/section>\n\t\t\t\t<\/div>\n\t\t","protected":false},"excerpt":{"rendered":"<p>Oportunidades Os processos de recrutamento de momento em aberto na MCG. todas as \u00e1reas engenharia Produ\u00e7\u00e3o log\u00edstica vendas Esta \u00e1rea n\u00e3o tem de momento oportunidades em aberto.<\/p>\n","protected":false},"author":2,"featured_media":0,"parent":174,"menu_order":0,"comment_status":"closed","ping_status":"closed","template":"elementor_header_footer","meta":{"footnotes":""},"class_list":["post-3286","page","type-page","status-publish","hentry"],"yoast_head":"<!-- This site is optimized with the Yoast SEO plugin v27.5 - https:\/\/yoast.com\/product\/yoast-seo-wordpress\/ -->\n<title>Vendas - Trabalhar na MCG<\/title>\n<meta name=\"robots\" content=\"index, follow, max-snippet:-1, max-image-preview:large, max-video-preview:-1\" \/>\n<link rel=\"canonical\" href=\"https:\/\/www.mcg.pt\/trabalharnamcg\/oportunidades\/vendas\/\" \/>\n<meta property=\"og:locale\" content=\"pt_PT\" \/>\n<meta property=\"og:type\" content=\"article\" \/>\n<meta property=\"og:title\" content=\"Vendas - Trabalhar na MCG\" \/>\n<meta property=\"og:description\" content=\"Oportunidades Os processos de recrutamento de momento em aberto na MCG. todas as \u00e1reas engenharia Produ\u00e7\u00e3o log\u00edstica vendas Esta \u00e1rea n\u00e3o tem de momento oportunidades em aberto.\" \/>\n<meta property=\"og:url\" content=\"https:\/\/www.mcg.pt\/trabalharnamcg\/oportunidades\/vendas\/\" \/>\n<meta property=\"og:site_name\" content=\"Trabalhar na MCG\" \/>\n<meta property=\"article:modified_time\" content=\"2026-04-15T15:40:21+00:00\" \/>\n<meta name=\"twitter:card\" content=\"summary_large_image\" \/>\n<meta name=\"twitter:label1\" content=\"Tempo estimado de leitura\" \/>\n\t<meta name=\"twitter:data1\" content=\"1 minuto\" \/>\n<script type=\"application\/ld+json\" class=\"yoast-schema-graph\">{\"@context\":\"https:\\\/\\\/schema.org\",\"@graph\":[{\"@type\":\"WebPage\",\"@id\":\"https:\\\/\\\/www.mcg.pt\\\/trabalharnamcg\\\/oportunidades\\\/vendas\\\/\",\"url\":\"https:\\\/\\\/www.mcg.pt\\\/trabalharnamcg\\\/oportunidades\\\/vendas\\\/\",\"name\":\"Vendas - Trabalhar na MCG\",\"isPartOf\":{\"@id\":\"https:\\\/\\\/www.mcg.pt\\\/trabalharnamcg\\\/#website\"},\"datePublished\":\"2025-11-25T17:19:21+00:00\",\"dateModified\":\"2026-04-15T15:40:21+00:00\",\"breadcrumb\":{\"@id\":\"https:\\\/\\\/www.mcg.pt\\\/trabalharnamcg\\\/oportunidades\\\/vendas\\\/#breadcrumb\"},\"inLanguage\":\"pt-PT\",\"potentialAction\":[{\"@type\":\"ReadAction\",\"target\":[\"https:\\\/\\\/www.mcg.pt\\\/trabalharnamcg\\\/oportunidades\\\/vendas\\\/\"]}]},{\"@type\":\"BreadcrumbList\",\"@id\":\"https:\\\/\\\/www.mcg.pt\\\/trabalharnamcg\\\/oportunidades\\\/vendas\\\/#breadcrumb\",\"itemListElement\":[{\"@type\":\"ListItem\",\"position\":1,\"name\":\"In\u00edcio\",\"item\":\"https:\\\/\\\/www.mcg.pt\\\/trabalharnamcg\\\/\"},{\"@type\":\"ListItem\",\"position\":2,\"name\":\"Oportunidades\",\"item\":\"https:\\\/\\\/www.mcg.pt\\\/trabalharnamcg\\\/oportunidades\\\/\"},{\"@type\":\"ListItem\",\"position\":3,\"name\":\"Vendas\"}]},{\"@type\":\"WebSite\",\"@id\":\"https:\\\/\\\/www.mcg.pt\\\/trabalharnamcg\\\/#website\",\"url\":\"https:\\\/\\\/www.mcg.pt\\\/trabalharnamcg\\\/\",\"name\":\"Trabalhar na MCG\",\"description\":\"Oportunidades de emprego na MCG\",\"potentialAction\":[{\"@type\":\"SearchAction\",\"target\":{\"@type\":\"EntryPoint\",\"urlTemplate\":\"https:\\\/\\\/www.mcg.pt\\\/trabalharnamcg\\\/?s={search_term_string}\"},\"query-input\":{\"@type\":\"PropertyValueSpecification\",\"valueRequired\":true,\"valueName\":\"search_term_string\"}}],\"inLanguage\":\"pt-PT\"}]}<\/script>\n<!-- \/ Yoast SEO plugin. -->","yoast_head_json":{"title":"Vendas - Trabalhar na MCG","robots":{"index":"index","follow":"follow","max-snippet":"max-snippet:-1","max-image-preview":"max-image-preview:large","max-video-preview":"max-video-preview:-1"},"canonical":"https:\/\/www.mcg.pt\/trabalharnamcg\/oportunidades\/vendas\/","og_locale":"pt_PT","og_type":"article","og_title":"Vendas - Trabalhar na MCG","og_description":"Oportunidades Os processos de recrutamento de momento em aberto na MCG. todas as \u00e1reas engenharia Produ\u00e7\u00e3o log\u00edstica vendas Esta \u00e1rea n\u00e3o tem de momento oportunidades em aberto.","og_url":"https:\/\/www.mcg.pt\/trabalharnamcg\/oportunidades\/vendas\/","og_site_name":"Trabalhar na MCG","article_modified_time":"2026-04-15T15:40:21+00:00","twitter_card":"summary_large_image","twitter_misc":{"Tempo estimado de leitura":"1 minuto"},"schema":{"@context":"https:\/\/schema.org","@graph":[{"@type":"WebPage","@id":"https:\/\/www.mcg.pt\/trabalharnamcg\/oportunidades\/vendas\/","url":"https:\/\/www.mcg.pt\/trabalharnamcg\/oportunidades\/vendas\/","name":"Vendas - Trabalhar na MCG","isPartOf":{"@id":"https:\/\/www.mcg.pt\/trabalharnamcg\/#website"},"datePublished":"2025-11-25T17:19:21+00:00","dateModified":"2026-04-15T15:40:21+00:00","breadcrumb":{"@id":"https:\/\/www.mcg.pt\/trabalharnamcg\/oportunidades\/vendas\/#breadcrumb"},"inLanguage":"pt-PT","potentialAction":[{"@type":"ReadAction","target":["https:\/\/www.mcg.pt\/trabalharnamcg\/oportunidades\/vendas\/"]}]},{"@type":"BreadcrumbList","@id":"https:\/\/www.mcg.pt\/trabalharnamcg\/oportunidades\/vendas\/#breadcrumb","itemListElement":[{"@type":"ListItem","position":1,"name":"In\u00edcio","item":"https:\/\/www.mcg.pt\/trabalharnamcg\/"},{"@type":"ListItem","position":2,"name":"Oportunidades","item":"https:\/\/www.mcg.pt\/trabalharnamcg\/oportunidades\/"},{"@type":"ListItem","position":3,"name":"Vendas"}]},{"@type":"WebSite","@id":"https:\/\/www.mcg.pt\/trabalharnamcg\/#website","url":"https:\/\/www.mcg.pt\/trabalharnamcg\/","name":"Trabalhar na MCG","description":"Oportunidades de emprego na MCG","potentialAction":[{"@type":"SearchAction","target":{"@type":"EntryPoint","urlTemplate":"https:\/\/www.mcg.pt\/trabalharnamcg\/?s={search_term_string}"},"query-input":{"@type":"PropertyValueSpecification","valueRequired":true,"valueName":"search_term_string"}}],"inLanguage":"pt-PT"}]}},"_links":{"self":[{"href":"https:\/\/www.mcg.pt\/trabalharnamcg\/wp-json\/wp\/v2\/pages\/3286","targetHints":{"allow":["GET"]}}],"collection":[{"href":"https:\/\/www.mcg.pt\/trabalharnamcg\/wp-json\/wp\/v2\/pages"}],"about":[{"href":"https:\/\/www.mcg.pt\/trabalharnamcg\/wp-json\/wp\/v2\/types\/page"}],"author":[{"embeddable":true,"href":"https:\/\/www.mcg.pt\/trabalharnamcg\/wp-json\/wp\/v2\/users\/2"}],"replies":[{"embeddable":true,"href":"https:\/\/www.mcg.pt\/trabalharnamcg\/wp-json\/wp\/v2\/comments?post=3286"}],"version-history":[{"count":16,"href":"https:\/\/www.mcg.pt\/trabalharnamcg\/wp-json\/wp\/v2\/pages\/3286\/revisions"}],"predecessor-version":[{"id":3608,"href":"https:\/\/www.mcg.pt\/trabalharnamcg\/wp-json\/wp\/v2\/pages\/3286\/revisions\/3608"}],"up":[{"embeddable":true,"href":"https:\/\/www.mcg.pt\/trabalharnamcg\/wp-json\/wp\/v2\/pages\/174"}],"wp:attachment":[{"href":"https:\/\/www.mcg.pt\/trabalharnamcg\/wp-json\/wp\/v2\/media?parent=3286"}],"curies":[{"name":"wp","href":"https:\/\/api.w.org\/{rel}","templated":true}]}}